{"id":1110,"date":"2025-05-05T18:12:59","date_gmt":"2025-05-05T18:12:59","guid":{"rendered":"https:\/\/gob2b.pl\/arlen-relacje-inwestorskie\/?page_id=1110"},"modified":"2026-03-30T09:43:45","modified_gmt":"2026-03-30T09:43:45","slug":"lad-korporacyjny","status":"publish","type":"page","link":"https:\/\/arlen.com.pl\/relacje-inwestorskie\/lad-korporacyjny\/","title":{"rendered":"\u0141ad korporacyjny"},"content":{"rendered":"\t\t<div data-elementor-type=\"wp-page\" data-elementor-id=\"1110\" class=\"elementor elementor-1110\" data-elementor-post-type=\"page\">\n\t\t\t\t<div class=\"elementor-element elementor-element-2fd2787 e-flex e-con-boxed elementor-invisible e-con e-parent\" data-id=\"2fd2787\" data-element_type=\"container\" data-e-type=\"container\" data-settings=\"{&quot;background_background&quot;:&quot;slideshow&quot;,&quot;background_slideshow_gallery&quot;:[{&quot;id&quot;:677,&quot;url&quot;:&quot;https:\\\/\\\/arlen.com.pl\\\/relacje-inwestorskie\\\/wp-content\\\/uploads\\\/2025\\\/04\\\/2_background.webp&quot;}],&quot;animation&quot;:&quot;fadeIn&quot;,&quot;background_slideshow_loop&quot;:&quot;yes&quot;,&quot;background_slideshow_slide_duration&quot;:5000,&quot;background_slideshow_slide_transition&quot;:&quot;fade&quot;,&quot;background_slideshow_transition_duration&quot;:500}\">\n\t\t\t\t\t<div class=\"e-con-inner\">\n\t\t\t\t<div class=\"elementor-element elementor-element-01b6aca elementor-hidden-mobile elementor-widget elementor-widget-breadcrumbs\" data-id=\"01b6aca\" data-element_type=\"widget\" data-e-type=\"widget\" data-widget_type=\"breadcrumbs.default\">\n\t\t\t\t<div class=\"elementor-widget-container\">\n\t\t\t\t\t<p id=\"breadcrumbs\"><span><span><a href=\"https:\/\/arlen.com.pl\/relacje-inwestorskie\/\">Strona g\u0142\u00f3wna<\/a><\/span><\/span><\/p>\t\t\t\t<\/div>\n\t\t\t\t<\/div>\n\t\t\t\t<div class=\"elementor-element elementor-element-2aedb2cf elementor-widget elementor-widget-heading\" data-id=\"2aedb2cf\" data-element_type=\"widget\" data-e-type=\"widget\" data-widget_type=\"heading.default\">\n\t\t\t\t<div class=\"elementor-widget-container\">\n\t\t\t\t\t<h1 class=\"elementor-heading-title elementor-size-default\">\u0141ad korporacyjny<\/h1>\t\t\t\t<\/div>\n\t\t\t\t<\/div>\n\t\t\t\t\t<\/div>\n\t\t\t\t<\/div>\n\t\t<div class=\"elementor-element elementor-element-b1bf9cc e-flex e-con-boxed e-con e-parent\" data-id=\"b1bf9cc\" data-element_type=\"container\" data-e-type=\"container\">\n\t\t\t\t\t<div class=\"e-con-inner\">\n\t\t<div class=\"elementor-element elementor-element-8bb9b9f e-con-full e-flex elementor-invisible e-con e-child\" data-id=\"8bb9b9f\" data-element_type=\"container\" data-e-type=\"container\" data-settings=\"{&quot;animation&quot;:&quot;fadeInUp&quot;}\">\n\t\t\t\t<div class=\"elementor-element elementor-element-ad76d2f elementor-icon-list--layout-traditional elementor-list-item-link-full_width elementor-widget elementor-widget-icon-list\" data-id=\"ad76d2f\" data-element_type=\"widget\" data-e-type=\"widget\" data-widget_type=\"icon-list.default\">\n\t\t\t\t<div class=\"elementor-widget-container\">\n\t\t\t\t\t\t\t<ul class=\"elementor-icon-list-items\">\n\t\t\t\t\t\t\t<li class=\"elementor-icon-list-item\">\n\t\t\t\t\t\t\t\t\t\t\t<a href=\"https:\/\/arlen.com.pl\/relacje-inwestorskie\/wp-content\/uploads\/2025\/05\/Statut-Arlen-SA-01-2025-.pdf\" target=\"_blank\">\n\n\t\t\t\t\t\t\t\t\t\t\t\t<span class=\"elementor-icon-list-icon\">\n\t\t\t\t\t\t\t<svg aria-hidden=\"true\" class=\"e-font-icon-svg e-fas-square-full\" viewBox=\"0 0 512 512\" xmlns=\"http:\/\/www.w3.org\/2000\/svg\"><path d=\"M512 512H0V0h512v512z\"><\/path><\/svg>\t\t\t\t\t\t<\/span>\n\t\t\t\t\t\t\t\t\t\t<span class=\"elementor-icon-list-text\">Statut Arlen S.A.<\/span>\n\t\t\t\t\t\t\t\t\t\t\t<\/a>\n\t\t\t\t\t\t\t\t\t<\/li>\n\t\t\t\t\t\t\t\t<li class=\"elementor-icon-list-item\">\n\t\t\t\t\t\t\t\t\t\t\t<a href=\"https:\/\/arlen.com.pl\/relacje-inwestorskie\/wp-content\/uploads\/2025\/05\/Polityka-dywidendowa_uchwala-Zarzadu_fin-AT.pdf\" target=\"_blank\">\n\n\t\t\t\t\t\t\t\t\t\t\t\t<span class=\"elementor-icon-list-icon\">\n\t\t\t\t\t\t\t<svg aria-hidden=\"true\" class=\"e-font-icon-svg e-fas-square-full\" viewBox=\"0 0 512 512\" xmlns=\"http:\/\/www.w3.org\/2000\/svg\"><path d=\"M512 512H0V0h512v512z\"><\/path><\/svg>\t\t\t\t\t\t<\/span>\n\t\t\t\t\t\t\t\t\t\t<span class=\"elementor-icon-list-text\">Uchwa\u0142a Zarz\u0105du Arlen Sp\u00f3\u0142ki Akcyjnej z siedzib\u0105 w Warszawie z dnia 13 lutego 2025 r. w sprawie przyj\u0119cia Polityki Dywidendowej<\/span>\n\t\t\t\t\t\t\t\t\t\t\t<\/a>\n\t\t\t\t\t\t\t\t\t<\/li>\n\t\t\t\t\t\t\t\t<li class=\"elementor-icon-list-item\">\n\t\t\t\t\t\t\t\t\t\t\t<a href=\"https:\/\/arlen.com.pl\/relacje-inwestorskie\/wp-content\/uploads\/2025\/05\/procedura-sygnalisci.pdf\" target=\"_blank\">\n\n\t\t\t\t\t\t\t\t\t\t\t\t<span class=\"elementor-icon-list-icon\">\n\t\t\t\t\t\t\t<svg aria-hidden=\"true\" class=\"e-font-icon-svg e-fas-square-full\" viewBox=\"0 0 512 512\" xmlns=\"http:\/\/www.w3.org\/2000\/svg\"><path d=\"M512 512H0V0h512v512z\"><\/path><\/svg>\t\t\t\t\t\t<\/span>\n\t\t\t\t\t\t\t\t\t\t<span class=\"elementor-icon-list-text\">Procedura dokonywania zg\u0142osze\u0144 narusze\u0144 prawa i podejmowania dzia\u0142a\u0144 nast\u0119pczych<\/span>\n\t\t\t\t\t\t\t\t\t\t\t<\/a>\n\t\t\t\t\t\t\t\t\t<\/li>\n\t\t\t\t\t\t\t\t<li class=\"elementor-icon-list-item\">\n\t\t\t\t\t\t\t\t\t\t\t<a href=\"https:\/\/arlen.com.pl\/relacje-inwestorskie\/wp-content\/uploads\/2026\/03\/DPSN-32026.pdf\" target=\"_blank\">\n\n\t\t\t\t\t\t\t\t\t\t\t\t<span class=\"elementor-icon-list-icon\">\n\t\t\t\t\t\t\t<svg aria-hidden=\"true\" class=\"e-font-icon-svg e-fas-square-full\" viewBox=\"0 0 512 512\" xmlns=\"http:\/\/www.w3.org\/2000\/svg\"><path d=\"M512 512H0V0h512v512z\"><\/path><\/svg>\t\t\t\t\t\t<\/span>\n\t\t\t\t\t\t\t\t\t\t<span class=\"elementor-icon-list-text\">Dobre Praktyki Sp\u00f3lek Notowanych na GPW<\/span>\n\t\t\t\t\t\t\t\t\t\t\t<\/a>\n\t\t\t\t\t\t\t\t\t<\/li>\n\t\t\t\t\t\t\t\t<li class=\"elementor-icon-list-item\">\n\t\t\t\t\t\t\t\t\t\t\t<a href=\"https:\/\/arlen.com.pl\/relacje-inwestorskie\/wp-content\/uploads\/2025\/06\/2025-05-12-Regulamin-Komitetu-Audytu-Rady-Nadzorczej-ARLEN-S.A.pdf\" target=\"_blank\">\n\n\t\t\t\t\t\t\t\t\t\t\t\t<span class=\"elementor-icon-list-icon\">\n\t\t\t\t\t\t\t<svg aria-hidden=\"true\" class=\"e-font-icon-svg e-fas-square-full\" viewBox=\"0 0 512 512\" xmlns=\"http:\/\/www.w3.org\/2000\/svg\"><path d=\"M512 512H0V0h512v512z\"><\/path><\/svg>\t\t\t\t\t\t<\/span>\n\t\t\t\t\t\t\t\t\t\t<span class=\"elementor-icon-list-text\">Regulamin Komitetu Audytu<\/span>\n\t\t\t\t\t\t\t\t\t\t\t<\/a>\n\t\t\t\t\t\t\t\t\t<\/li>\n\t\t\t\t\t\t<\/ul>\n\t\t\t\t\t\t<\/div>\n\t\t\t\t<\/div>\n\t\t\t\t<\/div>\n\t\t\t\t\t<\/div>\n\t\t\t\t<\/div>\n\t\t\t\t<\/div>\n\t\t","protected":false},"excerpt":{"rendered":"<p>Statut Arlen S.A. Uchwa\u0142a Zarz\u0105du Arlen Sp\u00f3\u0142ki Akcyjnej z siedzib\u0105 w Warszawie z dnia 13 lutego 2025 r. w sprawie przyj\u0119cia Polityki Dywidendowej Procedura dokonywania zg\u0142osze\u0144 narusze\u0144 prawa i podejmowania dzia\u0142a\u0144 nast\u0119pczych Dobre Praktyki Sp\u00f3lek Notowanych na GPW Regulamin Komitetu Audytu<\/p>\n","protected":false},"author":2,"featured_media":0,"parent":0,"menu_order":0,"comment_status":"closed","ping_status":"closed","template":"elementor_header_footer","meta":{"footnotes":""},"class_list":["post-1110","page","type-page","status-publish","hentry"],"yoast_head":"<!-- This site is optimized with the Yoast SEO plugin v27.2 - https:\/\/yoast.com\/product\/yoast-seo-wordpress\/ -->\n<title>\u0141ad korporacyjny - Arlen - Relacje Inwestorskie<\/title>\n<meta name=\"robots\" content=\"index, follow, max-snippet:-1, max-image-preview:large, max-video-preview:-1\" \/>\n<link rel=\"canonical\" href=\"https:\/\/arlen.com.pl\/relacje-inwestorskie\/lad-korporacyjny\/\" \/>\n<meta property=\"og:locale\" content=\"pl_PL\" \/>\n<meta property=\"og:type\" content=\"article\" \/>\n<meta property=\"og:title\" content=\"\u0141ad korporacyjny - Arlen - Relacje Inwestorskie\" \/>\n<meta property=\"og:description\" content=\"Statut Arlen S.A. Uchwa\u0142a Zarz\u0105du Arlen Sp\u00f3\u0142ki Akcyjnej z siedzib\u0105 w Warszawie z dnia 13 lutego 2025 r. w sprawie przyj\u0119cia Polityki Dywidendowej Procedura dokonywania zg\u0142osze\u0144 narusze\u0144 prawa i podejmowania dzia\u0142a\u0144 nast\u0119pczych Dobre Praktyki Sp\u00f3lek Notowanych na GPW Regulamin Komitetu Audytu\" \/>\n<meta property=\"og:url\" content=\"https:\/\/arlen.com.pl\/relacje-inwestorskie\/lad-korporacyjny\/\" \/>\n<meta property=\"og:site_name\" content=\"Arlen - Relacje Inwestorskie\" \/>\n<meta property=\"article:modified_time\" content=\"2026-03-30T09:43:45+00:00\" \/>\n<meta name=\"twitter:card\" content=\"summary_large_image\" \/>\n<meta name=\"twitter:label1\" content=\"Szacowany czas czytania\" \/>\n\t<meta name=\"twitter:data1\" content=\"1 minuta\" \/>\n<script type=\"application\/ld+json\" class=\"yoast-schema-graph\">{\"@context\":\"https:\/\/schema.org\",\"@graph\":[{\"@type\":\"WebPage\",\"@id\":\"https:\/\/arlen.com.pl\/relacje-inwestorskie\/lad-korporacyjny\/\",\"url\":\"https:\/\/arlen.com.pl\/relacje-inwestorskie\/lad-korporacyjny\/\",\"name\":\"\u0141ad korporacyjny - Arlen - Relacje Inwestorskie\",\"isPartOf\":{\"@id\":\"https:\/\/arlen.com.pl\/relacje-inwestorskie\/#website\"},\"datePublished\":\"2025-05-05T18:12:59+00:00\",\"dateModified\":\"2026-03-30T09:43:45+00:00\",\"breadcrumb\":{\"@id\":\"https:\/\/arlen.com.pl\/relacje-inwestorskie\/lad-korporacyjny\/#breadcrumb\"},\"inLanguage\":\"pl-PL\",\"potentialAction\":[{\"@type\":\"ReadAction\",\"target\":[\"https:\/\/arlen.com.pl\/relacje-inwestorskie\/lad-korporacyjny\/\"]}]},{\"@type\":\"BreadcrumbList\",\"@id\":\"https:\/\/arlen.com.pl\/relacje-inwestorskie\/lad-korporacyjny\/#breadcrumb\",\"itemListElement\":[{\"@type\":\"ListItem\",\"position\":1,\"name\":\"Strona g\u0142\u00f3wna\",\"item\":\"https:\/\/arlen.com.pl\/relacje-inwestorskie\/\"},{\"@type\":\"ListItem\",\"position\":2,\"name\":\"\u0141ad korporacyjny\"}]},{\"@type\":\"WebSite\",\"@id\":\"https:\/\/arlen.com.pl\/relacje-inwestorskie\/#website\",\"url\":\"https:\/\/arlen.com.pl\/relacje-inwestorskie\/\",\"name\":\"Arlen - Relacje Inwestorskie\",\"description\":\"\",\"publisher\":{\"@id\":\"https:\/\/arlen.com.pl\/relacje-inwestorskie\/#organization\"},\"potentialAction\":[{\"@type\":\"SearchAction\",\"target\":{\"@type\":\"EntryPoint\",\"urlTemplate\":\"https:\/\/arlen.com.pl\/relacje-inwestorskie\/?s={search_term_string}\"},\"query-input\":{\"@type\":\"PropertyValueSpecification\",\"valueRequired\":true,\"valueName\":\"search_term_string\"}}],\"inLanguage\":\"pl-PL\"},{\"@type\":\"Organization\",\"@id\":\"https:\/\/arlen.com.pl\/relacje-inwestorskie\/#organization\",\"name\":\"Arlen - Relacje Inwestorskie\",\"url\":\"https:\/\/arlen.com.pl\/relacje-inwestorskie\/\",\"logo\":{\"@type\":\"ImageObject\",\"inLanguage\":\"pl-PL\",\"@id\":\"https:\/\/arlen.com.pl\/relacje-inwestorskie\/#\/schema\/logo\/image\/\",\"url\":\"https:\/\/arlen.com.pl\/relacje-inwestorskie\/wp-content\/uploads\/2025\/03\/cropped-Arlen-TG.jpg\",\"contentUrl\":\"https:\/\/arlen.com.pl\/relacje-inwestorskie\/wp-content\/uploads\/2025\/03\/cropped-Arlen-TG.jpg\",\"width\":325,\"height\":67,\"caption\":\"Arlen - Relacje Inwestorskie\"},\"image\":{\"@id\":\"https:\/\/arlen.com.pl\/relacje-inwestorskie\/#\/schema\/logo\/image\/\"}}]}<\/script>\n<!-- \/ Yoast SEO plugin. -->","yoast_head_json":{"title":"\u0141ad korporacyjny - Arlen - Relacje Inwestorskie","robots":{"index":"index","follow":"follow","max-snippet":"max-snippet:-1","max-image-preview":"max-image-preview:large","max-video-preview":"max-video-preview:-1"},"canonical":"https:\/\/arlen.com.pl\/relacje-inwestorskie\/lad-korporacyjny\/","og_locale":"pl_PL","og_type":"article","og_title":"\u0141ad korporacyjny - Arlen - Relacje Inwestorskie","og_description":"Statut Arlen S.A. Uchwa\u0142a Zarz\u0105du Arlen Sp\u00f3\u0142ki Akcyjnej z siedzib\u0105 w Warszawie z dnia 13 lutego 2025 r. w sprawie przyj\u0119cia Polityki Dywidendowej Procedura dokonywania zg\u0142osze\u0144 narusze\u0144 prawa i podejmowania dzia\u0142a\u0144 nast\u0119pczych Dobre Praktyki Sp\u00f3lek Notowanych na GPW Regulamin Komitetu Audytu","og_url":"https:\/\/arlen.com.pl\/relacje-inwestorskie\/lad-korporacyjny\/","og_site_name":"Arlen - Relacje Inwestorskie","article_modified_time":"2026-03-30T09:43:45+00:00","twitter_card":"summary_large_image","twitter_misc":{"Szacowany czas czytania":"1 minuta"},"schema":{"@context":"https:\/\/schema.org","@graph":[{"@type":"WebPage","@id":"https:\/\/arlen.com.pl\/relacje-inwestorskie\/lad-korporacyjny\/","url":"https:\/\/arlen.com.pl\/relacje-inwestorskie\/lad-korporacyjny\/","name":"\u0141ad korporacyjny - Arlen - Relacje Inwestorskie","isPartOf":{"@id":"https:\/\/arlen.com.pl\/relacje-inwestorskie\/#website"},"datePublished":"2025-05-05T18:12:59+00:00","dateModified":"2026-03-30T09:43:45+00:00","breadcrumb":{"@id":"https:\/\/arlen.com.pl\/relacje-inwestorskie\/lad-korporacyjny\/#breadcrumb"},"inLanguage":"pl-PL","potentialAction":[{"@type":"ReadAction","target":["https:\/\/arlen.com.pl\/relacje-inwestorskie\/lad-korporacyjny\/"]}]},{"@type":"BreadcrumbList","@id":"https:\/\/arlen.com.pl\/relacje-inwestorskie\/lad-korporacyjny\/#breadcrumb","itemListElement":[{"@type":"ListItem","position":1,"name":"Strona g\u0142\u00f3wna","item":"https:\/\/arlen.com.pl\/relacje-inwestorskie\/"},{"@type":"ListItem","position":2,"name":"\u0141ad korporacyjny"}]},{"@type":"WebSite","@id":"https:\/\/arlen.com.pl\/relacje-inwestorskie\/#website","url":"https:\/\/arlen.com.pl\/relacje-inwestorskie\/","name":"Arlen - Relacje Inwestorskie","description":"","publisher":{"@id":"https:\/\/arlen.com.pl\/relacje-inwestorskie\/#organization"},"potentialAction":[{"@type":"SearchAction","target":{"@type":"EntryPoint","urlTemplate":"https:\/\/arlen.com.pl\/relacje-inwestorskie\/?s={search_term_string}"},"query-input":{"@type":"PropertyValueSpecification","valueRequired":true,"valueName":"search_term_string"}}],"inLanguage":"pl-PL"},{"@type":"Organization","@id":"https:\/\/arlen.com.pl\/relacje-inwestorskie\/#organization","name":"Arlen - Relacje Inwestorskie","url":"https:\/\/arlen.com.pl\/relacje-inwestorskie\/","logo":{"@type":"ImageObject","inLanguage":"pl-PL","@id":"https:\/\/arlen.com.pl\/relacje-inwestorskie\/#\/schema\/logo\/image\/","url":"https:\/\/arlen.com.pl\/relacje-inwestorskie\/wp-content\/uploads\/2025\/03\/cropped-Arlen-TG.jpg","contentUrl":"https:\/\/arlen.com.pl\/relacje-inwestorskie\/wp-content\/uploads\/2025\/03\/cropped-Arlen-TG.jpg","width":325,"height":67,"caption":"Arlen - Relacje Inwestorskie"},"image":{"@id":"https:\/\/arlen.com.pl\/relacje-inwestorskie\/#\/schema\/logo\/image\/"}}]}},"_links":{"self":[{"href":"https:\/\/arlen.com.pl\/relacje-inwestorskie\/wp-json\/wp\/v2\/pages\/1110","targetHints":{"allow":["GET"]}}],"collection":[{"href":"https:\/\/arlen.com.pl\/relacje-inwestorskie\/wp-json\/wp\/v2\/pages"}],"about":[{"href":"https:\/\/arlen.com.pl\/relacje-inwestorskie\/wp-json\/wp\/v2\/types\/page"}],"author":[{"embeddable":true,"href":"https:\/\/arlen.com.pl\/relacje-inwestorskie\/wp-json\/wp\/v2\/users\/2"}],"replies":[{"embeddable":true,"href":"https:\/\/arlen.com.pl\/relacje-inwestorskie\/wp-json\/wp\/v2\/comments?post=1110"}],"version-history":[{"count":61,"href":"https:\/\/arlen.com.pl\/relacje-inwestorskie\/wp-json\/wp\/v2\/pages\/1110\/revisions"}],"predecessor-version":[{"id":1925,"href":"https:\/\/arlen.com.pl\/relacje-inwestorskie\/wp-json\/wp\/v2\/pages\/1110\/revisions\/1925"}],"wp:attachment":[{"href":"https:\/\/arlen.com.pl\/relacje-inwestorskie\/wp-json\/wp\/v2\/media?parent=1110"}],"curies":[{"name":"wp","href":"https:\/\/api.w.org\/{rel}","templated":true}]}}