{"id":1279,"date":"2025-05-20T10:41:33","date_gmt":"2025-05-20T10:41:33","guid":{"rendered":"https:\/\/gob2b.pl\/arlen-relacje-inwestorskie\/?page_id=1279"},"modified":"2025-06-23T21:54:06","modified_gmt":"2025-06-23T21:54:06","slug":"informacje-finansowe-if","status":"publish","type":"page","link":"https:\/\/arlen.com.pl\/relacje-inwestorskie\/informacje-finansowe\/informacje-finansowe-if\/","title":{"rendered":"Informacje Finansowe"},"content":{"rendered":"\t\t<div data-elementor-type=\"wp-page\" data-elementor-id=\"1279\" class=\"elementor elementor-1279\" data-elementor-post-type=\"page\">\n\t\t\t\t<div class=\"elementor-element elementor-element-2fd2787 e-flex e-con-boxed elementor-invisible e-con e-parent\" data-id=\"2fd2787\" data-element_type=\"container\" data-e-type=\"container\" data-settings=\"{&quot;background_background&quot;:&quot;slideshow&quot;,&quot;background_slideshow_gallery&quot;:[{&quot;id&quot;:677,&quot;url&quot;:&quot;https:\\\/\\\/arlen.com.pl\\\/relacje-inwestorskie\\\/wp-content\\\/uploads\\\/2025\\\/04\\\/2_background.webp&quot;}],&quot;animation&quot;:&quot;fadeIn&quot;,&quot;background_slideshow_loop&quot;:&quot;yes&quot;,&quot;background_slideshow_slide_duration&quot;:5000,&quot;background_slideshow_slide_transition&quot;:&quot;fade&quot;,&quot;background_slideshow_transition_duration&quot;:500}\">\n\t\t\t\t\t<div class=\"e-con-inner\">\n\t\t\t\t<div class=\"elementor-element elementor-element-01b6aca elementor-hidden-mobile elementor-widget elementor-widget-breadcrumbs\" data-id=\"01b6aca\" data-element_type=\"widget\" data-e-type=\"widget\" data-widget_type=\"breadcrumbs.default\">\n\t\t\t\t<div class=\"elementor-widget-container\">\n\t\t\t\t\t<p id=\"breadcrumbs\"><span><span><a href=\"https:\/\/arlen.com.pl\/relacje-inwestorskie\/\">Strona g\u0142\u00f3wna<\/a><\/span><\/span><\/p>\t\t\t\t<\/div>\n\t\t\t\t<\/div>\n\t\t\t\t<div class=\"elementor-element elementor-element-2aedb2cf elementor-widget elementor-widget-heading\" data-id=\"2aedb2cf\" data-element_type=\"widget\" data-e-type=\"widget\" data-widget_type=\"heading.default\">\n\t\t\t\t<div class=\"elementor-widget-container\">\n\t\t\t\t\t<h1 class=\"elementor-heading-title elementor-size-default\">Informacje Finansowe<\/h1>\t\t\t\t<\/div>\n\t\t\t\t<\/div>\n\t\t\t\t\t<\/div>\n\t\t\t\t<\/div>\n\t\t<div class=\"elementor-element elementor-element-b1bf9cc e-flex e-con-boxed e-con e-parent\" data-id=\"b1bf9cc\" data-element_type=\"container\" data-e-type=\"container\">\n\t\t\t\t\t<div class=\"e-con-inner\">\n\t\t<div class=\"elementor-element elementor-element-0b0719a e-con-full elementor-hidden-tablet elementor-hidden-mobile e-flex e-con e-child\" data-id=\"0b0719a\" data-element_type=\"container\" data-e-type=\"container\">\n\t\t\t\t<div class=\"elementor-element elementor-element-0a5de72 elementor-widget elementor-widget-shortcode\" data-id=\"0a5de72\" data-element_type=\"widget\" data-e-type=\"widget\" data-widget_type=\"shortcode.default\">\n\t\t\t\t<div class=\"elementor-widget-container\">\n\t\t\t\t\t\t\t<div class=\"elementor-shortcode\">\t\t<div data-elementor-type=\"container\" data-elementor-id=\"1284\" class=\"elementor elementor-1284\" data-elementor-post-type=\"elementor_library\">\n\t\t\t\t<div class=\"elementor-element elementor-element-8ef83d2 e-con-full e-flex e-con e-child\" data-id=\"8ef83d2\" data-element_type=\"container\" data-e-type=\"container\" data-settings=\"{&quot;sticky&quot;:&quot;top&quot;,&quot;sticky_offset&quot;:100,&quot;sticky_on&quot;:[&quot;desktop&quot;,&quot;tablet&quot;,&quot;mobile&quot;],&quot;sticky_effects_offset&quot;:0,&quot;sticky_anchor_link_offset&quot;:0}\">\n\t\t\t\t<div class=\"elementor-element elementor-element-4095cb6 elementor-invisible elementor-widget elementor-widget-heading\" data-id=\"4095cb6\" data-element_type=\"widget\" data-e-type=\"widget\" data-settings=\"{&quot;_animation&quot;:&quot;fadeIn&quot;,&quot;_animation_delay&quot;:200}\" data-widget_type=\"heading.default\">\n\t\t\t\t<div class=\"elementor-widget-container\">\n\t\t\t\t\t<h2 class=\"elementor-heading-title elementor-size-default\">Menu<\/h2>\t\t\t\t<\/div>\n\t\t\t\t<\/div>\n\t\t\t\t<div class=\"elementor-element elementor-element-9cfd045 elementor-nav-menu--dropdown-none sidebar-menu elementor-invisible elementor-widget elementor-widget-nav-menu\" data-id=\"9cfd045\" data-element_type=\"widget\" data-e-type=\"widget\" data-settings=\"{&quot;layout&quot;:&quot;vertical&quot;,&quot;_animation&quot;:&quot;fadeIn&quot;,&quot;_animation_delay&quot;:200,&quot;submenu_icon&quot;:{&quot;value&quot;:&quot;&lt;svg aria-hidden=\\&quot;true\\&quot; class=\\&quot;e-font-icon-svg e-fas-caret-down\\&quot; viewBox=\\&quot;0 0 320 512\\&quot; xmlns=\\&quot;http:\\\/\\\/www.w3.org\\\/2000\\\/svg\\&quot;&gt;&lt;path d=\\&quot;M31.3 192h257.3c17.8 0 26.7 21.5 14.1 34.1L174.1 354.8c-7.8 7.8-20.5 7.8-28.3 0L17.2 226.1C4.6 213.5 13.5 192 31.3 192z\\&quot;&gt;&lt;\\\/path&gt;&lt;\\\/svg&gt;&quot;,&quot;library&quot;:&quot;fa-solid&quot;}}\" data-widget_type=\"nav-menu.default\">\n\t\t\t\t<div class=\"elementor-widget-container\">\n\t\t\t\t\t\t\t\t<nav aria-label=\"Menu\" class=\"elementor-nav-menu--main elementor-nav-menu__container elementor-nav-menu--layout-vertical e--pointer-none\">\n\t\t\t\t<ul id=\"menu-1-9cfd045\" class=\"elementor-nav-menu sm-vertical\"><li class=\"menu-item menu-item-type-post_type menu-item-object-page menu-item-1286\"><a href=\"https:\/\/arlen.com.pl\/relacje-inwestorskie\/informacje-finansowe\/informacje-finansowe-if\/\" class=\"elementor-item\">Informacje Finansowe<\/a><\/li>\n<li class=\"menu-item menu-item-type-post_type menu-item-object-page menu-item-1287\"><a href=\"https:\/\/arlen.com.pl\/relacje-inwestorskie\/informacje-finansowe\/istotne-transakcje\/\" class=\"elementor-item\">Istotne transakcje z Podmiotami Powi\u0105zanymi<\/a><\/li>\n<\/ul>\t\t\t<\/nav>\n\t\t\t\t\t\t<nav class=\"elementor-nav-menu--dropdown elementor-nav-menu__container\" aria-hidden=\"true\">\n\t\t\t\t<ul id=\"menu-2-9cfd045\" class=\"elementor-nav-menu sm-vertical\"><li class=\"menu-item menu-item-type-post_type menu-item-object-page menu-item-1286\"><a href=\"https:\/\/arlen.com.pl\/relacje-inwestorskie\/informacje-finansowe\/informacje-finansowe-if\/\" class=\"elementor-item\" tabindex=\"-1\">Informacje Finansowe<\/a><\/li>\n<li class=\"menu-item menu-item-type-post_type menu-item-object-page menu-item-1287\"><a href=\"https:\/\/arlen.com.pl\/relacje-inwestorskie\/informacje-finansowe\/istotne-transakcje\/\" class=\"elementor-item\" tabindex=\"-1\">Istotne transakcje z Podmiotami Powi\u0105zanymi<\/a><\/li>\n<\/ul>\t\t\t<\/nav>\n\t\t\t\t\t\t<\/div>\n\t\t\t\t<\/div>\n\t\t\t\t<\/div>\n\t\t\t\t<\/div>\n\t\t<\/div>\n\t\t\t\t\t\t<\/div>\n\t\t\t\t<\/div>\n\t\t\t\t<\/div>\n\t\t<div class=\"elementor-element elementor-element-1199b36 e-con-full e-flex elementor-invisible e-con e-child\" data-id=\"1199b36\" data-element_type=\"container\" data-e-type=\"container\" data-settings=\"{&quot;animation&quot;:&quot;fadeInUp&quot;}\">\n\t\t\t\t<div class=\"elementor-element elementor-element-78bf48c elementor-widget elementor-widget-html\" data-id=\"78bf48c\" data-element_type=\"widget\" data-e-type=\"widget\" data-widget_type=\"html.default\">\n\t\t\t\t<div class=\"elementor-widget-container\">\n\t\t\t\t\t<ul class=\"year-menu-list\">\n\n<\/ul>\t\t\t\t<\/div>\n\t\t\t\t<\/div>\n\t\t\t\t<div class=\"elementor-element elementor-element-565d167 elementor-widget elementor-widget-html\" data-id=\"565d167\" data-element_type=\"widget\" data-e-type=\"widget\" data-widget_type=\"html.default\">\n\t\t\t\t<div class=\"elementor-widget-container\">\n\t\t\t\t\t<section class=\"dyn-subpage-section\">\n    \n<\/section>\t\t\t\t<\/div>\n\t\t\t\t<\/div>\n\t\t\t\t<div class=\"elementor-element elementor-element-a30ca71 elementor-widget elementor-widget-html\" data-id=\"a30ca71\" data-element_type=\"widget\" data-e-type=\"widget\" data-widget_type=\"html.default\">\n\t\t\t\t<div class=\"elementor-widget-container\">\n\t\t\t\t\t<script>\r\ndocument.addEventListener(\"DOMContentLoaded\", function() {\r\n    const siteName = 'informacje-finansowe-historyczne-informacje-finansowe';\r\n    const menuContainer = document.querySelector('.year-menu-list');\r\n    const contentContainer = document.querySelector('.dyn-subpage-section');\r\n    let activeYear = new Date().getFullYear();\r\n\r\n    \/\/ Pobieranie dost\u0119pnych lat z API\r\n    fetch(`https:\/\/panel.arlen.com.pl\/api\/postsapi\/available-years\/${siteName}`)\r\n        .then(response => response.json())\r\n        .then(years => {\r\n            if (years.error || years.length === 0) {\r\n                menuContainer.innerHTML = '<li>Brak danych<\/li>';\r\n                return;\r\n            }\r\n\r\n            \/\/ Ukryj menu z latami\r\n            menuContainer.style.display = 'none';\r\n\r\n            \/\/ Domy\u015blnie wczytaj najnowszy rok\r\n            activeYear = years[years.length - 1]; \r\n            loadPosts(activeYear);\r\n        })\r\n        .catch(error => console.error(\"B\u0142\u0105d \u0142adowania lat:\", error));\r\n\r\n    function loadPosts(year) {\r\n        fetch(`https:\/\/panel.arlen.com.pl\/api\/postsapi\/posts\/${year}\/${siteName}`)\r\n            .then(response => response.json())\r\n            .then(data => {\r\n                contentContainer.innerHTML = '';\r\n\r\n                if (data.length === 0) {\r\n                    contentContainer.innerHTML = '<p>Brak aktywnych wpis\u00f3w.<\/p>';\r\n                    return;\r\n                }\r\n\r\n                data.forEach(post => {\r\n                    const postDiv = document.createElement('div');\r\n                    postDiv.classList.add('dyn-subpage-box');\r\n                    postDiv.innerHTML = `\r\n                        <!-- <p>${formatDate(post.start_date)}<\/p> -->\r\n                        <h3><a href=\"\/relacje-inwestorskie\/show-post?id=${post.id}\">${post.title}<\/a><\/h3>\r\n                        <ul>\r\n                            ${post.files.map(file => `<li><a href=\"${file.download_url}\" target=\"_blank\">${file.original_name}<\/a><\/li>`).join('')}\r\n                        <\/ul>\r\n                    `;\r\n                    contentContainer.appendChild(postDiv);\r\n                });\r\n            })\r\n            .catch(error => {\r\n                contentContainer.innerHTML = '<p>B\u0142\u0105d podczas \u0142adowania danych.<\/p>';\r\n                console.error(error);\r\n            });\r\n    }\r\n\r\n    function formatDate(dateString) {\r\n        const months = [\r\n            \"stycznia\", \"lutego\", \"marca\", \"kwietnia\", \"maja\", \"czerwca\",\r\n            \"lipca\", \"sierpnia\", \"wrze\u015bnia\", \"pa\u017adziernika\", \"listopada\", \"grudnia\"\r\n        ];\r\n        const date = new Date(dateString);\r\n        return `${date.getDate()} ${months[date.getMonth()]} ${date.getFullYear()}`;\r\n    }\r\n});\r\n<\/script>\r\n\t\t\t\t<\/div>\n\t\t\t\t<\/div>\n\t\t\t\t<\/div>\n\t\t\t\t\t<\/div>\n\t\t\t\t<\/div>\n\t\t\t\t<\/div>\n\t\t","protected":false},"excerpt":{"rendered":"","protected":false},"author":2,"featured_media":0,"parent":925,"menu_order":0,"comment_status":"closed","ping_status":"closed","template":"elementor_header_footer","meta":{"footnotes":""},"class_list":["post-1279","page","type-page","status-publish","hentry"],"yoast_head":"<!-- This site is optimized with the Yoast SEO plugin v27.2 - https:\/\/yoast.com\/product\/yoast-seo-wordpress\/ -->\n<title>Informacje Finansowe - Arlen - Relacje Inwestorskie<\/title>\n<meta name=\"robots\" content=\"index, follow, max-snippet:-1, max-image-preview:large, max-video-preview:-1\" \/>\n<link rel=\"canonical\" href=\"https:\/\/arlen.com.pl\/relacje-inwestorskie\/informacje-finansowe\/informacje-finansowe-if\/\" \/>\n<meta property=\"og:locale\" content=\"pl_PL\" \/>\n<meta property=\"og:type\" content=\"article\" \/>\n<meta property=\"og:title\" content=\"Informacje Finansowe - Arlen - Relacje Inwestorskie\" \/>\n<meta property=\"og:url\" content=\"https:\/\/arlen.com.pl\/relacje-inwestorskie\/informacje-finansowe\/informacje-finansowe-if\/\" \/>\n<meta property=\"og:site_name\" content=\"Arlen - Relacje Inwestorskie\" \/>\n<meta property=\"article:modified_time\" content=\"2025-06-23T21:54:06+00:00\" \/>\n<meta name=\"twitter:card\" content=\"summary_large_image\" \/>\n<meta name=\"twitter:label1\" content=\"Szacowany czas czytania\" \/>\n\t<meta name=\"twitter:data1\" content=\"1 minuta\" \/>\n<script type=\"application\/ld+json\" class=\"yoast-schema-graph\">{\"@context\":\"https:\/\/schema.org\",\"@graph\":[{\"@type\":\"WebPage\",\"@id\":\"https:\/\/arlen.com.pl\/relacje-inwestorskie\/informacje-finansowe\/informacje-finansowe-if\/\",\"url\":\"https:\/\/arlen.com.pl\/relacje-inwestorskie\/informacje-finansowe\/informacje-finansowe-if\/\",\"name\":\"Informacje Finansowe - Arlen - Relacje Inwestorskie\",\"isPartOf\":{\"@id\":\"https:\/\/arlen.com.pl\/relacje-inwestorskie\/#website\"},\"datePublished\":\"2025-05-20T10:41:33+00:00\",\"dateModified\":\"2025-06-23T21:54:06+00:00\",\"breadcrumb\":{\"@id\":\"https:\/\/arlen.com.pl\/relacje-inwestorskie\/informacje-finansowe\/informacje-finansowe-if\/#breadcrumb\"},\"inLanguage\":\"pl-PL\",\"potentialAction\":[{\"@type\":\"ReadAction\",\"target\":[\"https:\/\/arlen.com.pl\/relacje-inwestorskie\/informacje-finansowe\/informacje-finansowe-if\/\"]}]},{\"@type\":\"BreadcrumbList\",\"@id\":\"https:\/\/arlen.com.pl\/relacje-inwestorskie\/informacje-finansowe\/informacje-finansowe-if\/#breadcrumb\",\"itemListElement\":[{\"@type\":\"ListItem\",\"position\":1,\"name\":\"Strona g\u0142\u00f3wna\",\"item\":\"https:\/\/arlen.com.pl\/relacje-inwestorskie\/\"},{\"@type\":\"ListItem\",\"position\":2,\"name\":\"Informacje finansowe\",\"item\":\"https:\/\/arlen.com.pl\/relacje-inwestorskie\/informacje-finansowe\/\"},{\"@type\":\"ListItem\",\"position\":3,\"name\":\"Informacje Finansowe\"}]},{\"@type\":\"WebSite\",\"@id\":\"https:\/\/arlen.com.pl\/relacje-inwestorskie\/#website\",\"url\":\"https:\/\/arlen.com.pl\/relacje-inwestorskie\/\",\"name\":\"Arlen - Relacje Inwestorskie\",\"description\":\"\",\"publisher\":{\"@id\":\"https:\/\/arlen.com.pl\/relacje-inwestorskie\/#organization\"},\"potentialAction\":[{\"@type\":\"SearchAction\",\"target\":{\"@type\":\"EntryPoint\",\"urlTemplate\":\"https:\/\/arlen.com.pl\/relacje-inwestorskie\/?s={search_term_string}\"},\"query-input\":{\"@type\":\"PropertyValueSpecification\",\"valueRequired\":true,\"valueName\":\"search_term_string\"}}],\"inLanguage\":\"pl-PL\"},{\"@type\":\"Organization\",\"@id\":\"https:\/\/arlen.com.pl\/relacje-inwestorskie\/#organization\",\"name\":\"Arlen - Relacje Inwestorskie\",\"url\":\"https:\/\/arlen.com.pl\/relacje-inwestorskie\/\",\"logo\":{\"@type\":\"ImageObject\",\"inLanguage\":\"pl-PL\",\"@id\":\"https:\/\/arlen.com.pl\/relacje-inwestorskie\/#\/schema\/logo\/image\/\",\"url\":\"https:\/\/arlen.com.pl\/relacje-inwestorskie\/wp-content\/uploads\/2025\/03\/cropped-Arlen-TG.jpg\",\"contentUrl\":\"https:\/\/arlen.com.pl\/relacje-inwestorskie\/wp-content\/uploads\/2025\/03\/cropped-Arlen-TG.jpg\",\"width\":325,\"height\":67,\"caption\":\"Arlen - Relacje Inwestorskie\"},\"image\":{\"@id\":\"https:\/\/arlen.com.pl\/relacje-inwestorskie\/#\/schema\/logo\/image\/\"}}]}<\/script>\n<!-- \/ Yoast SEO plugin. -->","yoast_head_json":{"title":"Informacje Finansowe - Arlen - Relacje Inwestorskie","robots":{"index":"index","follow":"follow","max-snippet":"max-snippet:-1","max-image-preview":"max-image-preview:large","max-video-preview":"max-video-preview:-1"},"canonical":"https:\/\/arlen.com.pl\/relacje-inwestorskie\/informacje-finansowe\/informacje-finansowe-if\/","og_locale":"pl_PL","og_type":"article","og_title":"Informacje Finansowe - Arlen - Relacje Inwestorskie","og_url":"https:\/\/arlen.com.pl\/relacje-inwestorskie\/informacje-finansowe\/informacje-finansowe-if\/","og_site_name":"Arlen - Relacje Inwestorskie","article_modified_time":"2025-06-23T21:54:06+00:00","twitter_card":"summary_large_image","twitter_misc":{"Szacowany czas czytania":"1 minuta"},"schema":{"@context":"https:\/\/schema.org","@graph":[{"@type":"WebPage","@id":"https:\/\/arlen.com.pl\/relacje-inwestorskie\/informacje-finansowe\/informacje-finansowe-if\/","url":"https:\/\/arlen.com.pl\/relacje-inwestorskie\/informacje-finansowe\/informacje-finansowe-if\/","name":"Informacje Finansowe - Arlen - Relacje Inwestorskie","isPartOf":{"@id":"https:\/\/arlen.com.pl\/relacje-inwestorskie\/#website"},"datePublished":"2025-05-20T10:41:33+00:00","dateModified":"2025-06-23T21:54:06+00:00","breadcrumb":{"@id":"https:\/\/arlen.com.pl\/relacje-inwestorskie\/informacje-finansowe\/informacje-finansowe-if\/#breadcrumb"},"inLanguage":"pl-PL","potentialAction":[{"@type":"ReadAction","target":["https:\/\/arlen.com.pl\/relacje-inwestorskie\/informacje-finansowe\/informacje-finansowe-if\/"]}]},{"@type":"BreadcrumbList","@id":"https:\/\/arlen.com.pl\/relacje-inwestorskie\/informacje-finansowe\/informacje-finansowe-if\/#breadcrumb","itemListElement":[{"@type":"ListItem","position":1,"name":"Strona g\u0142\u00f3wna","item":"https:\/\/arlen.com.pl\/relacje-inwestorskie\/"},{"@type":"ListItem","position":2,"name":"Informacje finansowe","item":"https:\/\/arlen.com.pl\/relacje-inwestorskie\/informacje-finansowe\/"},{"@type":"ListItem","position":3,"name":"Informacje Finansowe"}]},{"@type":"WebSite","@id":"https:\/\/arlen.com.pl\/relacje-inwestorskie\/#website","url":"https:\/\/arlen.com.pl\/relacje-inwestorskie\/","name":"Arlen - Relacje Inwestorskie","description":"","publisher":{"@id":"https:\/\/arlen.com.pl\/relacje-inwestorskie\/#organization"},"potentialAction":[{"@type":"SearchAction","target":{"@type":"EntryPoint","urlTemplate":"https:\/\/arlen.com.pl\/relacje-inwestorskie\/?s={search_term_string}"},"query-input":{"@type":"PropertyValueSpecification","valueRequired":true,"valueName":"search_term_string"}}],"inLanguage":"pl-PL"},{"@type":"Organization","@id":"https:\/\/arlen.com.pl\/relacje-inwestorskie\/#organization","name":"Arlen - Relacje Inwestorskie","url":"https:\/\/arlen.com.pl\/relacje-inwestorskie\/","logo":{"@type":"ImageObject","inLanguage":"pl-PL","@id":"https:\/\/arlen.com.pl\/relacje-inwestorskie\/#\/schema\/logo\/image\/","url":"https:\/\/arlen.com.pl\/relacje-inwestorskie\/wp-content\/uploads\/2025\/03\/cropped-Arlen-TG.jpg","contentUrl":"https:\/\/arlen.com.pl\/relacje-inwestorskie\/wp-content\/uploads\/2025\/03\/cropped-Arlen-TG.jpg","width":325,"height":67,"caption":"Arlen - Relacje Inwestorskie"},"image":{"@id":"https:\/\/arlen.com.pl\/relacje-inwestorskie\/#\/schema\/logo\/image\/"}}]}},"_links":{"self":[{"href":"https:\/\/arlen.com.pl\/relacje-inwestorskie\/wp-json\/wp\/v2\/pages\/1279","targetHints":{"allow":["GET"]}}],"collection":[{"href":"https:\/\/arlen.com.pl\/relacje-inwestorskie\/wp-json\/wp\/v2\/pages"}],"about":[{"href":"https:\/\/arlen.com.pl\/relacje-inwestorskie\/wp-json\/wp\/v2\/types\/page"}],"author":[{"embeddable":true,"href":"https:\/\/arlen.com.pl\/relacje-inwestorskie\/wp-json\/wp\/v2\/users\/2"}],"replies":[{"embeddable":true,"href":"https:\/\/arlen.com.pl\/relacje-inwestorskie\/wp-json\/wp\/v2\/comments?post=1279"}],"version-history":[{"count":53,"href":"https:\/\/arlen.com.pl\/relacje-inwestorskie\/wp-json\/wp\/v2\/pages\/1279\/revisions"}],"predecessor-version":[{"id":1742,"href":"https:\/\/arlen.com.pl\/relacje-inwestorskie\/wp-json\/wp\/v2\/pages\/1279\/revisions\/1742"}],"up":[{"embeddable":true,"href":"https:\/\/arlen.com.pl\/relacje-inwestorskie\/wp-json\/wp\/v2\/pages\/925"}],"wp:attachment":[{"href":"https:\/\/arlen.com.pl\/relacje-inwestorskie\/wp-json\/wp\/v2\/media?parent=1279"}],"curies":[{"name":"wp","href":"https:\/\/api.w.org\/{rel}","templated":true}]}}