{"id":1365,"date":"2025-05-21T10:56:09","date_gmt":"2025-05-21T10:56:09","guid":{"rendered":"https:\/\/gob2b.pl\/arlen-relacje-inwestorskie\/?page_id=1365"},"modified":"2025-05-21T10:59:19","modified_gmt":"2025-05-21T10:59:19","slug":"regulamin-korzystania-ze-strony-internetowej-www-arlen-com-pl","status":"publish","type":"page","link":"https:\/\/arlen.com.pl\/relacje-inwestorskie\/regulamin-korzystania-ze-strony-internetowej-www-arlen-com-pl\/","title":{"rendered":"Regulamin korzystania ze strony internetowej www.arlen.com.pl"},"content":{"rendered":"\t\t<div data-elementor-type=\"wp-page\" data-elementor-id=\"1365\" class=\"elementor elementor-1365\" data-elementor-post-type=\"page\">\n\t\t\t\t<div class=\"elementor-element elementor-element-2fd2787 e-flex e-con-boxed elementor-invisible e-con e-parent\" data-id=\"2fd2787\" data-element_type=\"container\" data-e-type=\"container\" data-settings=\"{&quot;background_background&quot;:&quot;slideshow&quot;,&quot;background_slideshow_gallery&quot;:[{&quot;id&quot;:677,&quot;url&quot;:&quot;https:\\\/\\\/arlen.com.pl\\\/relacje-inwestorskie\\\/wp-content\\\/uploads\\\/2025\\\/04\\\/2_background.webp&quot;}],&quot;animation&quot;:&quot;fadeIn&quot;,&quot;background_slideshow_loop&quot;:&quot;yes&quot;,&quot;background_slideshow_slide_duration&quot;:5000,&quot;background_slideshow_slide_transition&quot;:&quot;fade&quot;,&quot;background_slideshow_transition_duration&quot;:500}\">\n\t\t\t\t\t<div class=\"e-con-inner\">\n\t\t\t\t<div class=\"elementor-element elementor-element-01b6aca elementor-hidden-mobile elementor-widget elementor-widget-breadcrumbs\" data-id=\"01b6aca\" data-element_type=\"widget\" data-e-type=\"widget\" data-widget_type=\"breadcrumbs.default\">\n\t\t\t\t<div class=\"elementor-widget-container\">\n\t\t\t\t\t<p id=\"breadcrumbs\"><span><span><a href=\"https:\/\/arlen.com.pl\/relacje-inwestorskie\/\">Strona g\u0142\u00f3wna<\/a><\/span><\/span><\/p>\t\t\t\t<\/div>\n\t\t\t\t<\/div>\n\t\t\t\t<div class=\"elementor-element elementor-element-2aedb2cf elementor-widget elementor-widget-heading\" data-id=\"2aedb2cf\" data-element_type=\"widget\" data-e-type=\"widget\" data-widget_type=\"heading.default\">\n\t\t\t\t<div class=\"elementor-widget-container\">\n\t\t\t\t\t<h1 class=\"elementor-heading-title elementor-size-default\">Regulamin korzystania ze strony internetowej www.arlen.com.pl<\/h1>\t\t\t\t<\/div>\n\t\t\t\t<\/div>\n\t\t\t\t\t<\/div>\n\t\t\t\t<\/div>\n\t\t<div class=\"elementor-element elementor-element-b1bf9cc e-flex e-con-boxed e-con e-parent\" data-id=\"b1bf9cc\" data-element_type=\"container\" data-e-type=\"container\">\n\t\t\t\t\t<div class=\"e-con-inner\">\n\t\t<div class=\"elementor-element elementor-element-8bb9b9f e-con-full e-flex elementor-invisible e-con e-child\" data-id=\"8bb9b9f\" data-element_type=\"container\" data-e-type=\"container\" data-settings=\"{&quot;animation&quot;:&quot;fadeInUp&quot;}\">\n\t\t\t\t<div class=\"elementor-element elementor-element-a3164cf elementor-widget elementor-widget-heading\" data-id=\"a3164cf\" data-element_type=\"widget\" data-e-type=\"widget\" data-widget_type=\"heading.default\">\n\t\t\t\t<div class=\"elementor-widget-container\">\n\t\t\t\t\t<h2 class=\"elementor-heading-title elementor-size-default\">\u00a7 1. Postanowienia og\u00f3lne<\/h2>\t\t\t\t<\/div>\n\t\t\t\t<\/div>\n\t\t\t\t<div class=\"elementor-element elementor-element-a8fb660 elementor-widget elementor-widget-text-editor\" data-id=\"a8fb660\" data-element_type=\"widget\" data-e-type=\"widget\" data-widget_type=\"text-editor.default\">\n\t\t\t\t<div class=\"elementor-widget-container\">\n\t\t\t\t\t\t\t\t\t<ol><li>Niniejszy Regulamin okre\u015bla zasady korzystania ze strony internetowej dost\u0119pnej pod adresem <a href=\"http:\/\/www.arlen.com.pl\">arlen.com.pl<\/a>, prowadzonej przez ARLEN S.A. z siedzib\u0105 w Warszawie, ul. Branickiego 17, 02-972 Warszawa, wpisana do rejestru przedsi\u0119biorc\u00f3w w S\u0105dzie Rejonowym dla m. st. Warszawy, XII Wydzia\u0142 Gospodarczy Krajowego Rejestru S\u0105dowego, KRS nr 0000125086, NIP 526-10-39-877, REGON 011346610, kapita\u0142 zak\u0142adowy: 2.213.300 PLN (wp\u0142acony w ca\u0142o\u015bci)\u00a0\u00a0 (\u201eSp\u00f3\u0142ka\u201d).<\/li><li>Strona ma charakter informacyjny i prezentuje dzia\u0142alno\u015b\u0107, ofert\u0119 oraz aktualno\u015bci zwi\u0105zane z Grup\u0105 ARLEN.<\/li><li>Korzystaj\u0105c ze strony, u\u017cytkownik akceptuje warunki niniejszego Regulaminu.<\/li><\/ol>\t\t\t\t\t\t\t\t<\/div>\n\t\t\t\t<\/div>\n\t\t\t\t<div class=\"elementor-element elementor-element-7e1e0cf elementor-widget elementor-widget-heading\" data-id=\"7e1e0cf\" data-element_type=\"widget\" data-e-type=\"widget\" data-widget_type=\"heading.default\">\n\t\t\t\t<div class=\"elementor-widget-container\">\n\t\t\t\t\t<h2 class=\"elementor-heading-title elementor-size-default\">\u00a7 2. Prawa autorskie i w\u0142asno\u015b\u0107 intelektualna<\/h2>\t\t\t\t<\/div>\n\t\t\t\t<\/div>\n\t\t\t\t<div class=\"elementor-element elementor-element-c64dbd7 elementor-widget elementor-widget-text-editor\" data-id=\"c64dbd7\" data-element_type=\"widget\" data-e-type=\"widget\" data-widget_type=\"text-editor.default\">\n\t\t\t\t<div class=\"elementor-widget-container\">\n\t\t\t\t\t\t\t\t\t<ol><li>Wszelkie tre\u015bci zamieszczone na stronie, w tym teksty, grafiki, zdj\u0119cia, logotypy, uk\u0142ad graficzny oraz inne elementy wizualne i funkcjonalne, s\u0105 chronione prawem autorskim i stanowi\u0105 w\u0142asno\u015b\u0107 Arlen S.A. lub zosta\u0142y u\u017cyte za zgod\u0105 uprawnionych podmiot\u00f3w.<\/li><li>Zabrania si\u0119 kopiowania, modyfikowania, rozpowszechniania lub wykorzystywania materia\u0142\u00f3w ze strony w jakikolwiek spos\u00f3b bez uprzedniej pisemnej zgody Arlen S.A., chyba \u017ce co innego wynika z przepis\u00f3w prawa.<\/li><\/ol>\t\t\t\t\t\t\t\t<\/div>\n\t\t\t\t<\/div>\n\t\t\t\t<div class=\"elementor-element elementor-element-852addd elementor-widget elementor-widget-heading\" data-id=\"852addd\" data-element_type=\"widget\" data-e-type=\"widget\" data-widget_type=\"heading.default\">\n\t\t\t\t<div class=\"elementor-widget-container\">\n\t\t\t\t\t<h2 class=\"elementor-heading-title elementor-size-default\">\u00a7 3. Zasady korzystania ze strony<\/h2>\t\t\t\t<\/div>\n\t\t\t\t<\/div>\n\t\t\t\t<div class=\"elementor-element elementor-element-d6aee82 elementor-widget elementor-widget-text-editor\" data-id=\"d6aee82\" data-element_type=\"widget\" data-e-type=\"widget\" data-widget_type=\"text-editor.default\">\n\t\t\t\t<div class=\"elementor-widget-container\">\n\t\t\t\t\t\t\t\t\t<ol><li>U\u017cytkownik zobowi\u0105zuje si\u0119 do korzystania ze strony w spos\u00f3b zgodny z przepisami prawa, zasadami wsp\u00f3\u0142\u017cycia spo\u0142ecznego oraz postanowieniami niniejszego Regulaminu.<\/li><li>Zabronione jest dostarczanie przez u\u017cytkownika tre\u015bci o charakterze bezprawnym, w tym za po\u015brednictwem formularza kontaktowego.<\/li><li>Arlen S.A. dok\u0142ada stara\u0144, aby tre\u015bci zamieszczone na stronie by\u0142y rzetelne, aktualne i kompletne, jednak nie ponosi odpowiedzialno\u015bci za ewentualne b\u0142\u0119dy, nie\u015bcis\u0142o\u015bci lub przerwy w dost\u0119pno\u015bci serwisu.<\/li><\/ol>\t\t\t\t\t\t\t\t<\/div>\n\t\t\t\t<\/div>\n\t\t\t\t<div class=\"elementor-element elementor-element-c30b096 elementor-widget elementor-widget-heading\" data-id=\"c30b096\" data-element_type=\"widget\" data-e-type=\"widget\" data-widget_type=\"heading.default\">\n\t\t\t\t<div class=\"elementor-widget-container\">\n\t\t\t\t\t<h2 class=\"elementor-heading-title elementor-size-default\">\u00a7 4. Formularz kontaktowy<\/h2>\t\t\t\t<\/div>\n\t\t\t\t<\/div>\n\t\t\t\t<div class=\"elementor-element elementor-element-eae3731 elementor-widget elementor-widget-text-editor\" data-id=\"eae3731\" data-element_type=\"widget\" data-e-type=\"widget\" data-widget_type=\"text-editor.default\">\n\t\t\t\t<div class=\"elementor-widget-container\">\n\t\t\t\t\t\t\t\t\t<ol><li>Strona umo\u017cliwia kontakt z Arlen S.A. za po\u015brednictwem formularza kontaktowego.<\/li><li>Wys\u0142anie wiadomo\u015bci za pomoc\u0105 formularza wymaga podania danych kontaktowych, kt\u00f3re s\u0105 przetwarzane zgodnie z obowi\u0105zuj\u0105cymi przepisami prawa, w tym RODO. Szczeg\u00f3\u0142owe informacje znajduj\u0105 si\u0119 w <a href=\"https:\/\/arlen.com.pl\/relacje-inwestorskie\/polityka-prywatnosci\/\">Polityce Prywatno\u015bci<\/a>.<\/li><li>Arlen S.A. zastrzega sobie prawo do nieudzielania odpowiedzi na ka\u017cd\u0105 wiadomo\u015b\u0107 przes\u0142an\u0105 przez formularz.<\/li><\/ol><p>\u00a0<\/p>\t\t\t\t\t\t\t\t<\/div>\n\t\t\t\t<\/div>\n\t\t\t\t<div class=\"elementor-element elementor-element-b213bd4 elementor-widget elementor-widget-heading\" data-id=\"b213bd4\" data-element_type=\"widget\" data-e-type=\"widget\" data-widget_type=\"heading.default\">\n\t\t\t\t<div class=\"elementor-widget-container\">\n\t\t\t\t\t<h2 class=\"elementor-heading-title elementor-size-default\">\u00a7 5. Odpowiedzialno\u015b\u0107<\/h2>\t\t\t\t<\/div>\n\t\t\t\t<\/div>\n\t\t\t\t<div class=\"elementor-element elementor-element-288afdf elementor-widget elementor-widget-text-editor\" data-id=\"288afdf\" data-element_type=\"widget\" data-e-type=\"widget\" data-widget_type=\"text-editor.default\">\n\t\t\t\t<div class=\"elementor-widget-container\">\n\t\t\t\t\t\t\t\t\t<ol><li>Arlen S.A. nie ponosi odpowiedzialno\u015bci za spos\u00f3b korzystania ze strony przez u\u017cytkownik\u00f3w ani za skutki wynikaj\u0105ce z wykorzystania informacji dost\u0119pnych na stronie.<\/li><li>Strona mo\u017ce zawiera\u0107 linki do zewn\u0119trznych serwis\u00f3w, za kt\u00f3rych tre\u015b\u0107 Arlen S.A. nie ponosi odpowiedzialno\u015bci.<\/li><\/ol>\t\t\t\t\t\t\t\t<\/div>\n\t\t\t\t<\/div>\n\t\t\t\t<div class=\"elementor-element elementor-element-8548263 elementor-widget elementor-widget-heading\" data-id=\"8548263\" data-element_type=\"widget\" data-e-type=\"widget\" data-widget_type=\"heading.default\">\n\t\t\t\t<div class=\"elementor-widget-container\">\n\t\t\t\t\t<h2 class=\"elementor-heading-title elementor-size-default\">\u00a7 6. Zmiany Regulaminu<\/h2>\t\t\t\t<\/div>\n\t\t\t\t<\/div>\n\t\t\t\t<div class=\"elementor-element elementor-element-9c8e48f elementor-widget elementor-widget-text-editor\" data-id=\"9c8e48f\" data-element_type=\"widget\" data-e-type=\"widget\" data-widget_type=\"text-editor.default\">\n\t\t\t\t<div class=\"elementor-widget-container\">\n\t\t\t\t\t\t\t\t\t<ol><li>Arlen S.A. zastrzega sobie prawo do zmiany niniejszego Regulaminu w dowolnym czasie, bez konieczno\u015bci informowania u\u017cytkownik\u00f3w.<\/li><li>Zmiany obowi\u0105zuj\u0105 od momentu ich opublikowania na stronie.<\/li><\/ol>\t\t\t\t\t\t\t\t<\/div>\n\t\t\t\t<\/div>\n\t\t\t\t<div class=\"elementor-element elementor-element-d3f6a35 elementor-widget elementor-widget-heading\" data-id=\"d3f6a35\" data-element_type=\"widget\" data-e-type=\"widget\" data-widget_type=\"heading.default\">\n\t\t\t\t<div class=\"elementor-widget-container\">\n\t\t\t\t\t<h2 class=\"elementor-heading-title elementor-size-default\">\u00a7 7. Postanowienia ko\u0144cowe<\/h2>\t\t\t\t<\/div>\n\t\t\t\t<\/div>\n\t\t\t\t<div class=\"elementor-element elementor-element-fd4878c elementor-widget elementor-widget-text-editor\" data-id=\"fd4878c\" data-element_type=\"widget\" data-e-type=\"widget\" data-widget_type=\"text-editor.default\">\n\t\t\t\t<div class=\"elementor-widget-container\">\n\t\t\t\t\t\t\t\t\t<ol><li>W sprawach nieuregulowanych niniejszym Regulaminem zastosowanie maj\u0105 przepisy prawa polskiego.<\/li><li>Regulamin obowi\u0105zuje od dnia 21 maja 2025 r.<\/li><\/ol>\t\t\t\t\t\t\t\t<\/div>\n\t\t\t\t<\/div>\n\t\t\t\t<\/div>\n\t\t\t\t\t<\/div>\n\t\t\t\t<\/div>\n\t\t\t\t<\/div>\n\t\t","protected":false},"excerpt":{"rendered":"<p>\u00a7 1. Postanowienia og\u00f3lne Niniejszy Regulamin okre\u015bla zasady korzystania ze strony internetowej dost\u0119pnej pod adresem arlen.com.pl, prowadzonej przez ARLEN S.A. z siedzib\u0105 w Warszawie, ul. Branickiego 17, 02-972 Warszawa, wpisana do rejestru przedsi\u0119biorc\u00f3w w S\u0105dzie Rejonowym dla m. st. Warszawy, XII Wydzia\u0142 Gospodarczy Krajowego Rejestru S\u0105dowego, KRS nr 0000125086, NIP 526-10-39-877, REGON 011346610, kapita\u0142 zak\u0142adowy: [&hellip;]<\/p>\n","protected":false},"author":2,"featured_media":0,"parent":0,"menu_order":0,"comment_status":"closed","ping_status":"closed","template":"elementor_header_footer","meta":{"footnotes":""},"class_list":["post-1365","page","type-page","status-publish","hentry"],"yoast_head":"<!-- This site is optimized with the Yoast SEO plugin v27.2 - https:\/\/yoast.com\/product\/yoast-seo-wordpress\/ -->\n<title>Regulamin korzystania ze strony internetowej www.arlen.com.pl - Arlen - Relacje Inwestorskie<\/title>\n<meta name=\"robots\" content=\"index, follow, max-snippet:-1, max-image-preview:large, max-video-preview:-1\" \/>\n<link rel=\"canonical\" href=\"https:\/\/arlen.com.pl\/relacje-inwestorskie\/regulamin-korzystania-ze-strony-internetowej-www-arlen-com-pl\/\" \/>\n<meta property=\"og:locale\" content=\"pl_PL\" \/>\n<meta property=\"og:type\" content=\"article\" \/>\n<meta property=\"og:title\" content=\"Regulamin korzystania ze strony internetowej www.arlen.com.pl - Arlen - Relacje Inwestorskie\" \/>\n<meta property=\"og:description\" content=\"\u00a7 1. Postanowienia og\u00f3lne Niniejszy Regulamin okre\u015bla zasady korzystania ze strony internetowej dost\u0119pnej pod adresem arlen.com.pl, prowadzonej przez ARLEN S.A. z siedzib\u0105 w Warszawie, ul. Branickiego 17, 02-972 Warszawa, wpisana do rejestru przedsi\u0119biorc\u00f3w w S\u0105dzie Rejonowym dla m. st. Warszawy, XII Wydzia\u0142 Gospodarczy Krajowego Rejestru S\u0105dowego, KRS nr 0000125086, NIP 526-10-39-877, REGON 011346610, kapita\u0142 zak\u0142adowy: [&hellip;]\" \/>\n<meta property=\"og:url\" content=\"https:\/\/arlen.com.pl\/relacje-inwestorskie\/regulamin-korzystania-ze-strony-internetowej-www-arlen-com-pl\/\" \/>\n<meta property=\"og:site_name\" content=\"Arlen - Relacje Inwestorskie\" \/>\n<meta property=\"article:modified_time\" content=\"2025-05-21T10:59:19+00:00\" \/>\n<meta name=\"twitter:card\" content=\"summary_large_image\" \/>\n<meta name=\"twitter:label1\" content=\"Szacowany czas czytania\" \/>\n\t<meta name=\"twitter:data1\" content=\"3 minuty\" \/>\n<script type=\"application\/ld+json\" class=\"yoast-schema-graph\">{\"@context\":\"https:\/\/schema.org\",\"@graph\":[{\"@type\":\"WebPage\",\"@id\":\"https:\/\/arlen.com.pl\/relacje-inwestorskie\/regulamin-korzystania-ze-strony-internetowej-www-arlen-com-pl\/\",\"url\":\"https:\/\/arlen.com.pl\/relacje-inwestorskie\/regulamin-korzystania-ze-strony-internetowej-www-arlen-com-pl\/\",\"name\":\"Regulamin korzystania ze strony internetowej www.arlen.com.pl - Arlen - Relacje Inwestorskie\",\"isPartOf\":{\"@id\":\"https:\/\/arlen.com.pl\/relacje-inwestorskie\/#website\"},\"datePublished\":\"2025-05-21T10:56:09+00:00\",\"dateModified\":\"2025-05-21T10:59:19+00:00\",\"breadcrumb\":{\"@id\":\"https:\/\/arlen.com.pl\/relacje-inwestorskie\/regulamin-korzystania-ze-strony-internetowej-www-arlen-com-pl\/#breadcrumb\"},\"inLanguage\":\"pl-PL\",\"potentialAction\":[{\"@type\":\"ReadAction\",\"target\":[\"https:\/\/arlen.com.pl\/relacje-inwestorskie\/regulamin-korzystania-ze-strony-internetowej-www-arlen-com-pl\/\"]}]},{\"@type\":\"BreadcrumbList\",\"@id\":\"https:\/\/arlen.com.pl\/relacje-inwestorskie\/regulamin-korzystania-ze-strony-internetowej-www-arlen-com-pl\/#breadcrumb\",\"itemListElement\":[{\"@type\":\"ListItem\",\"position\":1,\"name\":\"Strona g\u0142\u00f3wna\",\"item\":\"https:\/\/arlen.com.pl\/relacje-inwestorskie\/\"},{\"@type\":\"ListItem\",\"position\":2,\"name\":\"Regulamin korzystania ze strony internetowej www.arlen.com.pl\"}]},{\"@type\":\"WebSite\",\"@id\":\"https:\/\/arlen.com.pl\/relacje-inwestorskie\/#website\",\"url\":\"https:\/\/arlen.com.pl\/relacje-inwestorskie\/\",\"name\":\"Arlen - Relacje Inwestorskie\",\"description\":\"\",\"publisher\":{\"@id\":\"https:\/\/arlen.com.pl\/relacje-inwestorskie\/#organization\"},\"potentialAction\":[{\"@type\":\"SearchAction\",\"target\":{\"@type\":\"EntryPoint\",\"urlTemplate\":\"https:\/\/arlen.com.pl\/relacje-inwestorskie\/?s={search_term_string}\"},\"query-input\":{\"@type\":\"PropertyValueSpecification\",\"valueRequired\":true,\"valueName\":\"search_term_string\"}}],\"inLanguage\":\"pl-PL\"},{\"@type\":\"Organization\",\"@id\":\"https:\/\/arlen.com.pl\/relacje-inwestorskie\/#organization\",\"name\":\"Arlen - Relacje Inwestorskie\",\"url\":\"https:\/\/arlen.com.pl\/relacje-inwestorskie\/\",\"logo\":{\"@type\":\"ImageObject\",\"inLanguage\":\"pl-PL\",\"@id\":\"https:\/\/arlen.com.pl\/relacje-inwestorskie\/#\/schema\/logo\/image\/\",\"url\":\"https:\/\/arlen.com.pl\/relacje-inwestorskie\/wp-content\/uploads\/2025\/03\/cropped-Arlen-TG.jpg\",\"contentUrl\":\"https:\/\/arlen.com.pl\/relacje-inwestorskie\/wp-content\/uploads\/2025\/03\/cropped-Arlen-TG.jpg\",\"width\":325,\"height\":67,\"caption\":\"Arlen - Relacje Inwestorskie\"},\"image\":{\"@id\":\"https:\/\/arlen.com.pl\/relacje-inwestorskie\/#\/schema\/logo\/image\/\"}}]}<\/script>\n<!-- \/ Yoast SEO plugin. -->","yoast_head_json":{"title":"Regulamin korzystania ze strony internetowej www.arlen.com.pl - Arlen - Relacje Inwestorskie","robots":{"index":"index","follow":"follow","max-snippet":"max-snippet:-1","max-image-preview":"max-image-preview:large","max-video-preview":"max-video-preview:-1"},"canonical":"https:\/\/arlen.com.pl\/relacje-inwestorskie\/regulamin-korzystania-ze-strony-internetowej-www-arlen-com-pl\/","og_locale":"pl_PL","og_type":"article","og_title":"Regulamin korzystania ze strony internetowej www.arlen.com.pl - Arlen - Relacje Inwestorskie","og_description":"\u00a7 1. Postanowienia og\u00f3lne Niniejszy Regulamin okre\u015bla zasady korzystania ze strony internetowej dost\u0119pnej pod adresem arlen.com.pl, prowadzonej przez ARLEN S.A. z siedzib\u0105 w Warszawie, ul. Branickiego 17, 02-972 Warszawa, wpisana do rejestru przedsi\u0119biorc\u00f3w w S\u0105dzie Rejonowym dla m. st. Warszawy, XII Wydzia\u0142 Gospodarczy Krajowego Rejestru S\u0105dowego, KRS nr 0000125086, NIP 526-10-39-877, REGON 011346610, kapita\u0142 zak\u0142adowy: [&hellip;]","og_url":"https:\/\/arlen.com.pl\/relacje-inwestorskie\/regulamin-korzystania-ze-strony-internetowej-www-arlen-com-pl\/","og_site_name":"Arlen - Relacje Inwestorskie","article_modified_time":"2025-05-21T10:59:19+00:00","twitter_card":"summary_large_image","twitter_misc":{"Szacowany czas czytania":"3 minuty"},"schema":{"@context":"https:\/\/schema.org","@graph":[{"@type":"WebPage","@id":"https:\/\/arlen.com.pl\/relacje-inwestorskie\/regulamin-korzystania-ze-strony-internetowej-www-arlen-com-pl\/","url":"https:\/\/arlen.com.pl\/relacje-inwestorskie\/regulamin-korzystania-ze-strony-internetowej-www-arlen-com-pl\/","name":"Regulamin korzystania ze strony internetowej www.arlen.com.pl - Arlen - Relacje Inwestorskie","isPartOf":{"@id":"https:\/\/arlen.com.pl\/relacje-inwestorskie\/#website"},"datePublished":"2025-05-21T10:56:09+00:00","dateModified":"2025-05-21T10:59:19+00:00","breadcrumb":{"@id":"https:\/\/arlen.com.pl\/relacje-inwestorskie\/regulamin-korzystania-ze-strony-internetowej-www-arlen-com-pl\/#breadcrumb"},"inLanguage":"pl-PL","potentialAction":[{"@type":"ReadAction","target":["https:\/\/arlen.com.pl\/relacje-inwestorskie\/regulamin-korzystania-ze-strony-internetowej-www-arlen-com-pl\/"]}]},{"@type":"BreadcrumbList","@id":"https:\/\/arlen.com.pl\/relacje-inwestorskie\/regulamin-korzystania-ze-strony-internetowej-www-arlen-com-pl\/#breadcrumb","itemListElement":[{"@type":"ListItem","position":1,"name":"Strona g\u0142\u00f3wna","item":"https:\/\/arlen.com.pl\/relacje-inwestorskie\/"},{"@type":"ListItem","position":2,"name":"Regulamin korzystania ze strony internetowej www.arlen.com.pl"}]},{"@type":"WebSite","@id":"https:\/\/arlen.com.pl\/relacje-inwestorskie\/#website","url":"https:\/\/arlen.com.pl\/relacje-inwestorskie\/","name":"Arlen - Relacje Inwestorskie","description":"","publisher":{"@id":"https:\/\/arlen.com.pl\/relacje-inwestorskie\/#organization"},"potentialAction":[{"@type":"SearchAction","target":{"@type":"EntryPoint","urlTemplate":"https:\/\/arlen.com.pl\/relacje-inwestorskie\/?s={search_term_string}"},"query-input":{"@type":"PropertyValueSpecification","valueRequired":true,"valueName":"search_term_string"}}],"inLanguage":"pl-PL"},{"@type":"Organization","@id":"https:\/\/arlen.com.pl\/relacje-inwestorskie\/#organization","name":"Arlen - Relacje Inwestorskie","url":"https:\/\/arlen.com.pl\/relacje-inwestorskie\/","logo":{"@type":"ImageObject","inLanguage":"pl-PL","@id":"https:\/\/arlen.com.pl\/relacje-inwestorskie\/#\/schema\/logo\/image\/","url":"https:\/\/arlen.com.pl\/relacje-inwestorskie\/wp-content\/uploads\/2025\/03\/cropped-Arlen-TG.jpg","contentUrl":"https:\/\/arlen.com.pl\/relacje-inwestorskie\/wp-content\/uploads\/2025\/03\/cropped-Arlen-TG.jpg","width":325,"height":67,"caption":"Arlen - Relacje Inwestorskie"},"image":{"@id":"https:\/\/arlen.com.pl\/relacje-inwestorskie\/#\/schema\/logo\/image\/"}}]}},"_links":{"self":[{"href":"https:\/\/arlen.com.pl\/relacje-inwestorskie\/wp-json\/wp\/v2\/pages\/1365","targetHints":{"allow":["GET"]}}],"collection":[{"href":"https:\/\/arlen.com.pl\/relacje-inwestorskie\/wp-json\/wp\/v2\/pages"}],"about":[{"href":"https:\/\/arlen.com.pl\/relacje-inwestorskie\/wp-json\/wp\/v2\/types\/page"}],"author":[{"embeddable":true,"href":"https:\/\/arlen.com.pl\/relacje-inwestorskie\/wp-json\/wp\/v2\/users\/2"}],"replies":[{"embeddable":true,"href":"https:\/\/arlen.com.pl\/relacje-inwestorskie\/wp-json\/wp\/v2\/comments?post=1365"}],"version-history":[{"count":4,"href":"https:\/\/arlen.com.pl\/relacje-inwestorskie\/wp-json\/wp\/v2\/pages\/1365\/revisions"}],"predecessor-version":[{"id":1369,"href":"https:\/\/arlen.com.pl\/relacje-inwestorskie\/wp-json\/wp\/v2\/pages\/1365\/revisions\/1369"}],"wp:attachment":[{"href":"https:\/\/arlen.com.pl\/relacje-inwestorskie\/wp-json\/wp\/v2\/media?parent=1365"}],"curies":[{"name":"wp","href":"https:\/\/api.w.org\/{rel}","templated":true}]}}