{"id":1370,"date":"2025-05-21T11:47:36","date_gmt":"2025-05-21T11:47:36","guid":{"rendered":"https:\/\/gob2b.pl\/arlen-relacje-inwestorskie\/?page_id=1370"},"modified":"2025-05-21T11:50:19","modified_gmt":"2025-05-21T11:50:19","slug":"zasady-korzystania-z-oznaczen-i-identyfikacji-wizualnej-grupy-arlen","status":"publish","type":"page","link":"https:\/\/arlen.com.pl\/relacje-inwestorskie\/zasady-korzystania-z-oznaczen-i-identyfikacji-wizualnej-grupy-arlen\/","title":{"rendered":"Zasady korzystania z oznacze\u0144 i identyfikacji wizualnej Grupy ARLEN"},"content":{"rendered":"\t\t<div data-elementor-type=\"wp-page\" data-elementor-id=\"1370\" class=\"elementor elementor-1370\" data-elementor-post-type=\"page\">\n\t\t\t\t<div class=\"elementor-element elementor-element-2fd2787 e-flex e-con-boxed elementor-invisible e-con e-parent\" data-id=\"2fd2787\" data-element_type=\"container\" data-e-type=\"container\" data-settings=\"{&quot;background_background&quot;:&quot;slideshow&quot;,&quot;background_slideshow_gallery&quot;:[{&quot;id&quot;:677,&quot;url&quot;:&quot;https:\\\/\\\/arlen.com.pl\\\/relacje-inwestorskie\\\/wp-content\\\/uploads\\\/2025\\\/04\\\/2_background.webp&quot;}],&quot;animation&quot;:&quot;fadeIn&quot;,&quot;background_slideshow_loop&quot;:&quot;yes&quot;,&quot;background_slideshow_slide_duration&quot;:5000,&quot;background_slideshow_slide_transition&quot;:&quot;fade&quot;,&quot;background_slideshow_transition_duration&quot;:500}\">\n\t\t\t\t\t<div class=\"e-con-inner\">\n\t\t\t\t<div class=\"elementor-element elementor-element-01b6aca elementor-hidden-mobile elementor-widget elementor-widget-breadcrumbs\" data-id=\"01b6aca\" data-element_type=\"widget\" data-e-type=\"widget\" data-widget_type=\"breadcrumbs.default\">\n\t\t\t\t<div class=\"elementor-widget-container\">\n\t\t\t\t\t<p id=\"breadcrumbs\"><span><span><a href=\"https:\/\/arlen.com.pl\/relacje-inwestorskie\/\">Strona g\u0142\u00f3wna<\/a><\/span><\/span><\/p>\t\t\t\t<\/div>\n\t\t\t\t<\/div>\n\t\t\t\t<div class=\"elementor-element elementor-element-2aedb2cf elementor-widget elementor-widget-heading\" data-id=\"2aedb2cf\" data-element_type=\"widget\" data-e-type=\"widget\" data-widget_type=\"heading.default\">\n\t\t\t\t<div class=\"elementor-widget-container\">\n\t\t\t\t\t<h1 class=\"elementor-heading-title elementor-size-default\">Zasady korzystania z oznacze\u0144 i identyfikacji wizualnej Grupy ARLEN<\/h1>\t\t\t\t<\/div>\n\t\t\t\t<\/div>\n\t\t\t\t\t<\/div>\n\t\t\t\t<\/div>\n\t\t<div class=\"elementor-element elementor-element-b1bf9cc e-flex e-con-boxed e-con e-parent\" data-id=\"b1bf9cc\" data-element_type=\"container\" data-e-type=\"container\">\n\t\t\t\t\t<div class=\"e-con-inner\">\n\t\t<div class=\"elementor-element elementor-element-8bb9b9f e-con-full e-flex elementor-invisible e-con e-child\" data-id=\"8bb9b9f\" data-element_type=\"container\" data-e-type=\"container\" data-settings=\"{&quot;animation&quot;:&quot;fadeInUp&quot;}\">\n\t\t\t\t<div class=\"elementor-element elementor-element-991fa54 elementor-widget elementor-widget-text-editor\" data-id=\"991fa54\" data-element_type=\"widget\" data-e-type=\"widget\" data-widget_type=\"text-editor.default\">\n\t\t\t\t<div class=\"elementor-widget-container\">\n\t\t\t\t\t\t\t\t\t<p>Niniejszy dokument okre\u015bla zasady korzystania z oznacze\u0144 oraz znak\u00f3w towarowych Grupy ARLEN, w szczeg\u00f3lno\u015bci znak\u00f3w s\u0142ownych i s\u0142owno-graficznych, kt\u00f3rych w\u0142a\u015bcicielem i podmiotem uprawnionym do jego ochrony jest ARLEN S.A. z siedzib\u0105 w Warszawie, ul. Branickiego 17, 02-972 Warszawa, wpisana do rejestru przedsi\u0119biorc\u00f3w w S\u0105dzie Rejonowym dla m. st. Warszawy, XII Wydzia\u0142 Gospodarczy Krajowego Rejestru S\u0105dowego, KRS nr 0000125086, NIP 526-10-39-877, REGON 011346610, kapita\u0142 zak\u0142adowy: 2.213.300\u00a0 PLN (wp\u0142acony w ca\u0142o\u015bci) (dalej: \u201eSp\u00f3\u0142ka\u201d).<\/p><p>Oznaczenia, kt\u00f3re s\u0105 zarejestrowanymi znakami towarowymi (lub pozostaje przedmiotem ochrony na podstawie przepis\u00f3w o zwalczaniu nieuczciwej konkurencji oraz o prawie autorskim i prawach pokrewnych) to w szczeg\u00f3lno\u015bci znaki zarejestrowane w Urz\u0119dzie Patentowym Rzeczypospolitej Polskiej: znak s\u0142owno-graficzny ARLEN (numer prawa wy\u0142\u0105cznego R.377979), znak s\u0142owny Arlen (numer prawa wy\u0142\u0105cznego R.353243), znak s\u0142owno-graficzny ARLEN S.A. (numer prawa wy\u0142\u0105cznego R.157190), SALUT (numer prawa wy\u0142\u0105cznego R.239653) (dalej: \u201eZnak\u201d, \u201eZnaki\u201d).<\/p><p>Jakiekolwiek wykorzystanie ww. oznacze\u0144 <strong>bez uprzedniej pisemnej zgody Sp\u00f3\u0142ki<\/strong> jest niedozwolone.<\/p>\t\t\t\t\t\t\t\t<\/div>\n\t\t\t\t<\/div>\n\t\t\t\t<div class=\"elementor-element elementor-element-a3164cf elementor-widget elementor-widget-heading\" data-id=\"a3164cf\" data-element_type=\"widget\" data-e-type=\"widget\" data-widget_type=\"heading.default\">\n\t\t\t\t<div class=\"elementor-widget-container\">\n\t\t\t\t\t<h2 class=\"elementor-heading-title elementor-size-default\">Zasady korzystania ze Znaku<\/h2>\t\t\t\t<\/div>\n\t\t\t\t<\/div>\n\t\t\t\t<div class=\"elementor-element elementor-element-a8fb660 elementor-widget elementor-widget-text-editor\" data-id=\"a8fb660\" data-element_type=\"widget\" data-e-type=\"widget\" data-widget_type=\"text-editor.default\">\n\t\t\t\t<div class=\"elementor-widget-container\">\n\t\t\t\t\t\t\t\t\t<p>Oznaczenia Grupy ARLEN mog\u0105 by\u0107 wykorzystywane wy\u0142\u0105cznie w spos\u00f3b zgodny z ich przeznaczeniem, estetyk\u0105 oraz reputacj\u0105 Grupy.<\/p><p>U\u017cycie Znak\u00f3w dozwolone jest jedynie:<\/p><ol type=\"a\"><li>na podstawie uprzedniej, wyra\u017anej zgody Sp\u00f3\u0142ki wyra\u017conej na pi\u015bmie lub w formie dokumentowej,<\/li><li>przez media w kontek\u015bcie informacyjnym (np. notowania gie\u0142dowe, artyku\u0142y prasowe) z zachowaniem nale\u017cytej staranno\u015bci oraz przy zapewnieniu, \u017ce wykorzystanie nie sugeruje sponsorowania lub powi\u0105zania bez podstawy faktycznej,<\/li><li>przez partner\u00f3w, kontrahent\u00f3w lub podmioty zale\u017cne, wy\u0142\u0105cznie na podstawie pisemnych um\u00f3w lub udzielonych licencji.<\/li><\/ol><p>Niedozwolone jest w szczeg\u00f3lno\u015bci:<\/p><ol type=\"a\"><li>modyfikowanie, zniekszta\u0142canie lub adaptowanie Znak\u00f3w,<\/li><li>wykorzystywanie Znak\u00f3w w spos\u00f3b mog\u0105cy wprowadza\u0107 w b\u0142\u0105d co do powi\u0105za\u0144 z Grup\u0105 ARLEN,<\/li><li>wykorzystywanie Znak\u00f3w w kontek\u015bcie naruszaj\u0105cym dobre obyczaje, mog\u0105cym godzi\u0107 w renom\u0119 Sp\u00f3\u0142ki lub podwa\u017ca\u0107 jej wiarygodno\u015b\u0107,<\/li><li>wykorzystywanie Znak\u00f3w do cel\u00f3w reklamowych, promocyjnych lub handlowych bez zgody Sp\u00f3\u0142ki.<\/li><\/ol><p>Wszelkie materia\u0142y, w kt\u00f3rych wykorzystywany jest Znak (drukowane lub cyfrowe), powinny zachowa\u0107 jego integralno\u015b\u0107 graficzn\u0105 oraz kolorystyczn\u0105 zgodnie z wytycznymi identyfikacji wizualnej Grupy ARLEN (je\u015bli zosta\u0142y udost\u0119pnione). Niedopuszczalne jest kadrowanie, deformowanie, zmiana proporcji, kolor\u00f3w lub dodawanie jakichkolwiek efekt\u00f3w graficznych.<\/p>\t\t\t\t\t\t\t\t<\/div>\n\t\t\t\t<\/div>\n\t\t\t\t<div class=\"elementor-element elementor-element-7e1e0cf elementor-widget elementor-widget-heading\" data-id=\"7e1e0cf\" data-element_type=\"widget\" data-e-type=\"widget\" data-widget_type=\"heading.default\">\n\t\t\t\t<div class=\"elementor-widget-container\">\n\t\t\t\t\t<h2 class=\"elementor-heading-title elementor-size-default\">Procedura uzyskania zgody<\/h2>\t\t\t\t<\/div>\n\t\t\t\t<\/div>\n\t\t\t\t<div class=\"elementor-element elementor-element-c64dbd7 elementor-widget elementor-widget-text-editor\" data-id=\"c64dbd7\" data-element_type=\"widget\" data-e-type=\"widget\" data-widget_type=\"text-editor.default\">\n\t\t\t\t<div class=\"elementor-widget-container\">\n\t\t\t\t\t\t\t\t\t<p>Osoby trzecie chc\u0105ce skorzysta\u0107 ze Znaku s\u0105 zobowi\u0105zane do uprzedniego uzyskania pisemnej zgody Arlen S.A., kieruj\u0105c stosowny wniosek na adres mailowy: <a href=\"mailto:arlen@arlen.com.pl\">arlen@arlen.com.pl<\/a> lub na adres: ul. Branickiego 17, 02-972 Warszawa. Wniosek powinien zawiera\u0107:<\/p><ol type=\"a\"><li>dane wnioskodawcy,<\/li><li>cel i kontekst u\u017cycia Znaku,<\/li><li>projekt materia\u0142\u00f3w, w kt\u00f3rych Znak ma zosta\u0107 u\u017cyty,<\/li><li>okres planowanego wykorzystania.<\/li><\/ol><p><br \/>Arlen S.A. zastrzega sobie prawo do odmowy udzielenia zgody bez podania przyczyny.<\/p>\t\t\t\t\t\t\t\t<\/div>\n\t\t\t\t<\/div>\n\t\t\t\t<\/div>\n\t\t\t\t\t<\/div>\n\t\t\t\t<\/div>\n\t\t\t\t<\/div>\n\t\t","protected":false},"excerpt":{"rendered":"<p>Niniejszy dokument okre\u015bla zasady korzystania z oznacze\u0144 oraz znak\u00f3w towarowych Grupy ARLEN, w szczeg\u00f3lno\u015bci znak\u00f3w s\u0142ownych i s\u0142owno-graficznych, kt\u00f3rych w\u0142a\u015bcicielem i podmiotem uprawnionym do jego ochrony jest ARLEN S.A. z siedzib\u0105 w Warszawie, ul. Branickiego 17, 02-972 Warszawa, wpisana do rejestru przedsi\u0119biorc\u00f3w w S\u0105dzie Rejonowym dla m. st. Warszawy, XII Wydzia\u0142 Gospodarczy Krajowego Rejestru S\u0105dowego, [&hellip;]<\/p>\n","protected":false},"author":2,"featured_media":0,"parent":0,"menu_order":0,"comment_status":"closed","ping_status":"closed","template":"elementor_header_footer","meta":{"footnotes":""},"class_list":["post-1370","page","type-page","status-publish","hentry"],"yoast_head":"<!-- This site is optimized with the Yoast SEO plugin v27.2 - https:\/\/yoast.com\/product\/yoast-seo-wordpress\/ -->\n<title>Zasady korzystania z oznacze\u0144 i identyfikacji wizualnej Grupy ARLEN - Arlen - Relacje Inwestorskie<\/title>\n<meta name=\"robots\" content=\"index, follow, max-snippet:-1, max-image-preview:large, max-video-preview:-1\" \/>\n<link rel=\"canonical\" href=\"https:\/\/arlen.com.pl\/relacje-inwestorskie\/zasady-korzystania-z-oznaczen-i-identyfikacji-wizualnej-grupy-arlen\/\" \/>\n<meta property=\"og:locale\" content=\"pl_PL\" \/>\n<meta property=\"og:type\" content=\"article\" \/>\n<meta property=\"og:title\" content=\"Zasady korzystania z oznacze\u0144 i identyfikacji wizualnej Grupy ARLEN - Arlen - Relacje Inwestorskie\" \/>\n<meta property=\"og:description\" content=\"Niniejszy dokument okre\u015bla zasady korzystania z oznacze\u0144 oraz znak\u00f3w towarowych Grupy ARLEN, w szczeg\u00f3lno\u015bci znak\u00f3w s\u0142ownych i s\u0142owno-graficznych, kt\u00f3rych w\u0142a\u015bcicielem i podmiotem uprawnionym do jego ochrony jest ARLEN S.A. z siedzib\u0105 w Warszawie, ul. Branickiego 17, 02-972 Warszawa, wpisana do rejestru przedsi\u0119biorc\u00f3w w S\u0105dzie Rejonowym dla m. st. Warszawy, XII Wydzia\u0142 Gospodarczy Krajowego Rejestru S\u0105dowego, [&hellip;]\" \/>\n<meta property=\"og:url\" content=\"https:\/\/arlen.com.pl\/relacje-inwestorskie\/zasady-korzystania-z-oznaczen-i-identyfikacji-wizualnej-grupy-arlen\/\" \/>\n<meta property=\"og:site_name\" content=\"Arlen - Relacje Inwestorskie\" \/>\n<meta property=\"article:modified_time\" content=\"2025-05-21T11:50:19+00:00\" \/>\n<meta name=\"twitter:card\" content=\"summary_large_image\" \/>\n<meta name=\"twitter:label1\" content=\"Szacowany czas czytania\" \/>\n\t<meta name=\"twitter:data1\" content=\"3 minuty\" \/>\n<script type=\"application\/ld+json\" class=\"yoast-schema-graph\">{\"@context\":\"https:\/\/schema.org\",\"@graph\":[{\"@type\":\"WebPage\",\"@id\":\"https:\/\/arlen.com.pl\/relacje-inwestorskie\/zasady-korzystania-z-oznaczen-i-identyfikacji-wizualnej-grupy-arlen\/\",\"url\":\"https:\/\/arlen.com.pl\/relacje-inwestorskie\/zasady-korzystania-z-oznaczen-i-identyfikacji-wizualnej-grupy-arlen\/\",\"name\":\"Zasady korzystania z oznacze\u0144 i identyfikacji wizualnej Grupy ARLEN - Arlen - Relacje Inwestorskie\",\"isPartOf\":{\"@id\":\"https:\/\/arlen.com.pl\/relacje-inwestorskie\/#website\"},\"datePublished\":\"2025-05-21T11:47:36+00:00\",\"dateModified\":\"2025-05-21T11:50:19+00:00\",\"breadcrumb\":{\"@id\":\"https:\/\/arlen.com.pl\/relacje-inwestorskie\/zasady-korzystania-z-oznaczen-i-identyfikacji-wizualnej-grupy-arlen\/#breadcrumb\"},\"inLanguage\":\"pl-PL\",\"potentialAction\":[{\"@type\":\"ReadAction\",\"target\":[\"https:\/\/arlen.com.pl\/relacje-inwestorskie\/zasady-korzystania-z-oznaczen-i-identyfikacji-wizualnej-grupy-arlen\/\"]}]},{\"@type\":\"BreadcrumbList\",\"@id\":\"https:\/\/arlen.com.pl\/relacje-inwestorskie\/zasady-korzystania-z-oznaczen-i-identyfikacji-wizualnej-grupy-arlen\/#breadcrumb\",\"itemListElement\":[{\"@type\":\"ListItem\",\"position\":1,\"name\":\"Strona g\u0142\u00f3wna\",\"item\":\"https:\/\/arlen.com.pl\/relacje-inwestorskie\/\"},{\"@type\":\"ListItem\",\"position\":2,\"name\":\"Zasady korzystania z oznacze\u0144 i identyfikacji wizualnej Grupy ARLEN\"}]},{\"@type\":\"WebSite\",\"@id\":\"https:\/\/arlen.com.pl\/relacje-inwestorskie\/#website\",\"url\":\"https:\/\/arlen.com.pl\/relacje-inwestorskie\/\",\"name\":\"Arlen - Relacje Inwestorskie\",\"description\":\"\",\"publisher\":{\"@id\":\"https:\/\/arlen.com.pl\/relacje-inwestorskie\/#organization\"},\"potentialAction\":[{\"@type\":\"SearchAction\",\"target\":{\"@type\":\"EntryPoint\",\"urlTemplate\":\"https:\/\/arlen.com.pl\/relacje-inwestorskie\/?s={search_term_string}\"},\"query-input\":{\"@type\":\"PropertyValueSpecification\",\"valueRequired\":true,\"valueName\":\"search_term_string\"}}],\"inLanguage\":\"pl-PL\"},{\"@type\":\"Organization\",\"@id\":\"https:\/\/arlen.com.pl\/relacje-inwestorskie\/#organization\",\"name\":\"Arlen - Relacje Inwestorskie\",\"url\":\"https:\/\/arlen.com.pl\/relacje-inwestorskie\/\",\"logo\":{\"@type\":\"ImageObject\",\"inLanguage\":\"pl-PL\",\"@id\":\"https:\/\/arlen.com.pl\/relacje-inwestorskie\/#\/schema\/logo\/image\/\",\"url\":\"https:\/\/arlen.com.pl\/relacje-inwestorskie\/wp-content\/uploads\/2025\/03\/cropped-Arlen-TG.jpg\",\"contentUrl\":\"https:\/\/arlen.com.pl\/relacje-inwestorskie\/wp-content\/uploads\/2025\/03\/cropped-Arlen-TG.jpg\",\"width\":325,\"height\":67,\"caption\":\"Arlen - Relacje Inwestorskie\"},\"image\":{\"@id\":\"https:\/\/arlen.com.pl\/relacje-inwestorskie\/#\/schema\/logo\/image\/\"}}]}<\/script>\n<!-- \/ Yoast SEO plugin. -->","yoast_head_json":{"title":"Zasady korzystania z oznacze\u0144 i identyfikacji wizualnej Grupy ARLEN - Arlen - Relacje Inwestorskie","robots":{"index":"index","follow":"follow","max-snippet":"max-snippet:-1","max-image-preview":"max-image-preview:large","max-video-preview":"max-video-preview:-1"},"canonical":"https:\/\/arlen.com.pl\/relacje-inwestorskie\/zasady-korzystania-z-oznaczen-i-identyfikacji-wizualnej-grupy-arlen\/","og_locale":"pl_PL","og_type":"article","og_title":"Zasady korzystania z oznacze\u0144 i identyfikacji wizualnej Grupy ARLEN - Arlen - Relacje Inwestorskie","og_description":"Niniejszy dokument okre\u015bla zasady korzystania z oznacze\u0144 oraz znak\u00f3w towarowych Grupy ARLEN, w szczeg\u00f3lno\u015bci znak\u00f3w s\u0142ownych i s\u0142owno-graficznych, kt\u00f3rych w\u0142a\u015bcicielem i podmiotem uprawnionym do jego ochrony jest ARLEN S.A. z siedzib\u0105 w Warszawie, ul. Branickiego 17, 02-972 Warszawa, wpisana do rejestru przedsi\u0119biorc\u00f3w w S\u0105dzie Rejonowym dla m. st. Warszawy, XII Wydzia\u0142 Gospodarczy Krajowego Rejestru S\u0105dowego, [&hellip;]","og_url":"https:\/\/arlen.com.pl\/relacje-inwestorskie\/zasady-korzystania-z-oznaczen-i-identyfikacji-wizualnej-grupy-arlen\/","og_site_name":"Arlen - Relacje Inwestorskie","article_modified_time":"2025-05-21T11:50:19+00:00","twitter_card":"summary_large_image","twitter_misc":{"Szacowany czas czytania":"3 minuty"},"schema":{"@context":"https:\/\/schema.org","@graph":[{"@type":"WebPage","@id":"https:\/\/arlen.com.pl\/relacje-inwestorskie\/zasady-korzystania-z-oznaczen-i-identyfikacji-wizualnej-grupy-arlen\/","url":"https:\/\/arlen.com.pl\/relacje-inwestorskie\/zasady-korzystania-z-oznaczen-i-identyfikacji-wizualnej-grupy-arlen\/","name":"Zasady korzystania z oznacze\u0144 i identyfikacji wizualnej Grupy ARLEN - Arlen - Relacje Inwestorskie","isPartOf":{"@id":"https:\/\/arlen.com.pl\/relacje-inwestorskie\/#website"},"datePublished":"2025-05-21T11:47:36+00:00","dateModified":"2025-05-21T11:50:19+00:00","breadcrumb":{"@id":"https:\/\/arlen.com.pl\/relacje-inwestorskie\/zasady-korzystania-z-oznaczen-i-identyfikacji-wizualnej-grupy-arlen\/#breadcrumb"},"inLanguage":"pl-PL","potentialAction":[{"@type":"ReadAction","target":["https:\/\/arlen.com.pl\/relacje-inwestorskie\/zasady-korzystania-z-oznaczen-i-identyfikacji-wizualnej-grupy-arlen\/"]}]},{"@type":"BreadcrumbList","@id":"https:\/\/arlen.com.pl\/relacje-inwestorskie\/zasady-korzystania-z-oznaczen-i-identyfikacji-wizualnej-grupy-arlen\/#breadcrumb","itemListElement":[{"@type":"ListItem","position":1,"name":"Strona g\u0142\u00f3wna","item":"https:\/\/arlen.com.pl\/relacje-inwestorskie\/"},{"@type":"ListItem","position":2,"name":"Zasady korzystania z oznacze\u0144 i identyfikacji wizualnej Grupy ARLEN"}]},{"@type":"WebSite","@id":"https:\/\/arlen.com.pl\/relacje-inwestorskie\/#website","url":"https:\/\/arlen.com.pl\/relacje-inwestorskie\/","name":"Arlen - Relacje Inwestorskie","description":"","publisher":{"@id":"https:\/\/arlen.com.pl\/relacje-inwestorskie\/#organization"},"potentialAction":[{"@type":"SearchAction","target":{"@type":"EntryPoint","urlTemplate":"https:\/\/arlen.com.pl\/relacje-inwestorskie\/?s={search_term_string}"},"query-input":{"@type":"PropertyValueSpecification","valueRequired":true,"valueName":"search_term_string"}}],"inLanguage":"pl-PL"},{"@type":"Organization","@id":"https:\/\/arlen.com.pl\/relacje-inwestorskie\/#organization","name":"Arlen - Relacje Inwestorskie","url":"https:\/\/arlen.com.pl\/relacje-inwestorskie\/","logo":{"@type":"ImageObject","inLanguage":"pl-PL","@id":"https:\/\/arlen.com.pl\/relacje-inwestorskie\/#\/schema\/logo\/image\/","url":"https:\/\/arlen.com.pl\/relacje-inwestorskie\/wp-content\/uploads\/2025\/03\/cropped-Arlen-TG.jpg","contentUrl":"https:\/\/arlen.com.pl\/relacje-inwestorskie\/wp-content\/uploads\/2025\/03\/cropped-Arlen-TG.jpg","width":325,"height":67,"caption":"Arlen - Relacje Inwestorskie"},"image":{"@id":"https:\/\/arlen.com.pl\/relacje-inwestorskie\/#\/schema\/logo\/image\/"}}]}},"_links":{"self":[{"href":"https:\/\/arlen.com.pl\/relacje-inwestorskie\/wp-json\/wp\/v2\/pages\/1370","targetHints":{"allow":["GET"]}}],"collection":[{"href":"https:\/\/arlen.com.pl\/relacje-inwestorskie\/wp-json\/wp\/v2\/pages"}],"about":[{"href":"https:\/\/arlen.com.pl\/relacje-inwestorskie\/wp-json\/wp\/v2\/types\/page"}],"author":[{"embeddable":true,"href":"https:\/\/arlen.com.pl\/relacje-inwestorskie\/wp-json\/wp\/v2\/users\/2"}],"replies":[{"embeddable":true,"href":"https:\/\/arlen.com.pl\/relacje-inwestorskie\/wp-json\/wp\/v2\/comments?post=1370"}],"version-history":[{"count":4,"href":"https:\/\/arlen.com.pl\/relacje-inwestorskie\/wp-json\/wp\/v2\/pages\/1370\/revisions"}],"predecessor-version":[{"id":1374,"href":"https:\/\/arlen.com.pl\/relacje-inwestorskie\/wp-json\/wp\/v2\/pages\/1370\/revisions\/1374"}],"wp:attachment":[{"href":"https:\/\/arlen.com.pl\/relacje-inwestorskie\/wp-json\/wp\/v2\/media?parent=1370"}],"curies":[{"name":"wp","href":"https:\/\/api.w.org\/{rel}","templated":true}]}}