{"id":37,"date":"2025-03-05T08:02:19","date_gmt":"2025-03-05T08:02:19","guid":{"rendered":"https:\/\/gob2b.pl\/arlen-relacje-inwestorskie\/contact\/"},"modified":"2025-11-28T14:06:41","modified_gmt":"2025-11-28T14:06:41","slug":"kontakt","status":"publish","type":"page","link":"https:\/\/arlen.com.pl\/relacje-inwestorskie\/kontakt\/","title":{"rendered":"Kontakt"},"content":{"rendered":"\t\t<div data-elementor-type=\"wp-page\" data-elementor-id=\"37\" class=\"elementor elementor-37\" data-elementor-post-type=\"page\">\n\t\t\t\t<div class=\"elementor-element elementor-element-2fd2787 e-flex e-con-boxed elementor-invisible e-con e-parent\" data-id=\"2fd2787\" data-element_type=\"container\" data-e-type=\"container\" data-settings=\"{&quot;background_background&quot;:&quot;slideshow&quot;,&quot;background_slideshow_gallery&quot;:[{&quot;id&quot;:677,&quot;url&quot;:&quot;https:\\\/\\\/arlen.com.pl\\\/relacje-inwestorskie\\\/wp-content\\\/uploads\\\/2025\\\/04\\\/2_background.webp&quot;}],&quot;animation&quot;:&quot;fadeIn&quot;,&quot;background_slideshow_loop&quot;:&quot;yes&quot;,&quot;background_slideshow_slide_duration&quot;:5000,&quot;background_slideshow_slide_transition&quot;:&quot;fade&quot;,&quot;background_slideshow_transition_duration&quot;:500}\">\n\t\t\t\t\t<div class=\"e-con-inner\">\n\t\t\t\t<div class=\"elementor-element elementor-element-01b6aca elementor-hidden-mobile elementor-widget elementor-widget-breadcrumbs\" data-id=\"01b6aca\" data-element_type=\"widget\" data-e-type=\"widget\" data-widget_type=\"breadcrumbs.default\">\n\t\t\t\t<div class=\"elementor-widget-container\">\n\t\t\t\t\t<p id=\"breadcrumbs\"><span><span><a href=\"https:\/\/arlen.com.pl\/relacje-inwestorskie\/\">Strona g\u0142\u00f3wna<\/a><\/span><\/span><\/p>\t\t\t\t<\/div>\n\t\t\t\t<\/div>\n\t\t\t\t<div class=\"elementor-element elementor-element-2aedb2cf elementor-widget elementor-widget-heading\" data-id=\"2aedb2cf\" data-element_type=\"widget\" data-e-type=\"widget\" data-widget_type=\"heading.default\">\n\t\t\t\t<div class=\"elementor-widget-container\">\n\t\t\t\t\t<h1 class=\"elementor-heading-title elementor-size-default\">Kontakt<\/h1>\t\t\t\t<\/div>\n\t\t\t\t<\/div>\n\t\t\t\t\t<\/div>\n\t\t\t\t<\/div>\n\t\t<div class=\"elementor-element elementor-element-b1bf9cc e-flex e-con-boxed e-con e-parent\" data-id=\"b1bf9cc\" data-element_type=\"container\" data-e-type=\"container\">\n\t\t\t\t\t<div class=\"e-con-inner\">\n\t\t<div class=\"elementor-element elementor-element-cc18b0c e-con-full e-flex elementor-invisible e-con e-child\" data-id=\"cc18b0c\" data-element_type=\"container\" data-e-type=\"container\" data-settings=\"{&quot;animation&quot;:&quot;fadeInUp&quot;,&quot;animation_delay&quot;:200}\">\n\t\t\t\t<div class=\"elementor-element elementor-element-e5ed9d5 elementor-widget elementor-widget-heading\" data-id=\"e5ed9d5\" data-element_type=\"widget\" data-e-type=\"widget\" data-widget_type=\"heading.default\">\n\t\t\t\t<div class=\"elementor-widget-container\">\n\t\t\t\t\t<p class=\"elementor-heading-title elementor-size-default\">Formularz kontaktowy<\/p>\t\t\t\t<\/div>\n\t\t\t\t<\/div>\n\t\t\t\t<div class=\"elementor-element elementor-element-13fa322 elementor-button-align-start elementor-widget elementor-widget-form\" data-id=\"13fa322\" data-element_type=\"widget\" data-e-type=\"widget\" data-settings=\"{&quot;step_next_label&quot;:&quot;Next&quot;,&quot;step_previous_label&quot;:&quot;Previous&quot;,&quot;button_width&quot;:&quot;100&quot;,&quot;step_type&quot;:&quot;number_text&quot;,&quot;step_icon_shape&quot;:&quot;circle&quot;}\" data-widget_type=\"form.default\">\n\t\t\t\t<div class=\"elementor-widget-container\">\n\t\t\t\t\t\t\t<form class=\"elementor-form\" method=\"post\" name=\"New Form\" aria-label=\"New Form\">\n\t\t\t<input type=\"hidden\" name=\"post_id\" value=\"37\"\/>\n\t\t\t<input type=\"hidden\" name=\"form_id\" value=\"13fa322\"\/>\n\t\t\t<input type=\"hidden\" name=\"referer_title\" value=\"Kontakt - Arlen - Relacje Inwestorskie\" \/>\n\n\t\t\t\t\t\t\t<input type=\"hidden\" name=\"queried_id\" value=\"37\"\/>\n\t\t\t\n\t\t\t<div class=\"elementor-form-fields-wrapper elementor-labels-above\">\n\t\t\t\t\t\t\t\t<div class=\"elementor-field-type-text elementor-field-group elementor-column elementor-field-group-name elementor-col-50 elementor-field-required\">\n\t\t\t\t\t\t\t\t\t\t\t\t<label for=\"form-field-name\" class=\"elementor-field-label\">\n\t\t\t\t\t\t\t\tTwoje imi\u0119 i nazwisko\t\t\t\t\t\t\t<\/label>\n\t\t\t\t\t\t\t\t\t\t\t\t\t\t<input size=\"1\" type=\"text\" name=\"form_fields[name]\" id=\"form-field-name\" class=\"elementor-field elementor-size-sm  elementor-field-textual\" required=\"required\">\n\t\t\t\t\t\t\t\t\t\t\t<\/div>\n\t\t\t\t\t\t\t\t<div class=\"elementor-field-type-email elementor-field-group elementor-column elementor-field-group-email elementor-col-50 elementor-field-required\">\n\t\t\t\t\t\t\t\t\t\t\t\t<label for=\"form-field-email\" class=\"elementor-field-label\">\n\t\t\t\t\t\t\t\tTw\u00f3j adres e-mail\t\t\t\t\t\t\t<\/label>\n\t\t\t\t\t\t\t\t\t\t\t\t\t\t<input size=\"1\" type=\"email\" name=\"form_fields[email]\" id=\"form-field-email\" class=\"elementor-field elementor-size-sm  elementor-field-textual\" required=\"required\">\n\t\t\t\t\t\t\t\t\t\t\t<\/div>\n\t\t\t\t\t\t\t\t<div class=\"elementor-field-type-text elementor-field-group elementor-column elementor-field-group-title elementor-col-100\">\n\t\t\t\t\t\t\t\t\t\t\t\t<label for=\"form-field-title\" class=\"elementor-field-label\">\n\t\t\t\t\t\t\t\tTytu\u0142 wiadomo\u015bci\t\t\t\t\t\t\t<\/label>\n\t\t\t\t\t\t\t\t\t\t\t\t\t\t<input size=\"1\" type=\"text\" name=\"form_fields[title]\" id=\"form-field-title\" class=\"elementor-field elementor-size-sm  elementor-field-textual\">\n\t\t\t\t\t\t\t\t\t\t\t<\/div>\n\t\t\t\t\t\t\t\t<div class=\"elementor-field-type-textarea elementor-field-group elementor-column elementor-field-group-message elementor-col-100\">\n\t\t\t\t\t\t\t\t\t\t\t\t<label for=\"form-field-message\" class=\"elementor-field-label\">\n\t\t\t\t\t\t\t\tTre\u015b\u0107 wiadomo\u015bci\t\t\t\t\t\t\t<\/label>\n\t\t\t\t\t\t<textarea class=\"elementor-field-textual elementor-field  elementor-size-sm\" name=\"form_fields[message]\" id=\"form-field-message\" rows=\"4\"><\/textarea>\t\t\t\t<\/div>\n\t\t\t\t\t\t\t\t<div class=\"elementor-field-type-acceptance elementor-field-group elementor-column elementor-field-group-privace_policy elementor-col-100 elementor-field-required\">\n\t\t\t\t\t\t\t<div class=\"elementor-field-subgroup\">\n\t\t\t<span class=\"elementor-field-option\">\n\t\t\t\t<input type=\"checkbox\" name=\"form_fields[privace_policy]\" id=\"form-field-privace_policy\" class=\"elementor-field elementor-size-sm  elementor-acceptance-field\" required=\"required\">\n\t\t\t\t<label for=\"form-field-privace_policy\">    Akceptuj\u0119 <a target=\"_blank\" rel=\"noopener noreferrer\" href=\"https:\/\/arlen.com.pl\/relacje-inwestorskie\/polityka-prywatnosci\/\">Polityk\u0119 Prywatno\u015bci <\/a>Arlen Textile Group\n<\/p><\/label>\t\t\t<\/span>\n\t\t<\/div>\n\t\t\t\t\t\t<\/div>\n\t\t\t\t\t\t\t\t<div class=\"elementor-field-type-recaptcha_v3 elementor-field-group elementor-column elementor-field-group-field_9b35454 elementor-col-100 recaptcha_v3-bottomright\">\n\t\t\t\t\t<div class=\"elementor-field\" id=\"form-field-field_9b35454\"><div class=\"elementor-g-recaptcha\" data-sitekey=\"6LdNfW8rAAAAADykEVe2Ipn_fDu19lvJHI_wLScb\" data-type=\"v3\" data-action=\"Form\" data-badge=\"bottomright\" data-size=\"invisible\"><\/div><\/div>\t\t\t\t<\/div>\n\t\t\t\t\t\t\t\t<div class=\"elementor-field-group elementor-column elementor-field-type-submit elementor-col-100 e-form__buttons\">\n\t\t\t\t\t<button class=\"elementor-button elementor-size-sm\" type=\"submit\">\n\t\t\t\t\t\t<span class=\"elementor-button-content-wrapper\">\n\t\t\t\t\t\t\t\t\t\t\t\t\t\t\t\t\t\t\t\t\t\t<span class=\"elementor-button-text\">Wy\u015blij wiadomo\u015b\u0107<\/span>\n\t\t\t\t\t\t\t\t\t\t\t\t\t<\/span>\n\t\t\t\t\t<\/button>\n\t\t\t\t<\/div>\n\t\t\t<\/div>\n\t\t<\/form>\n\t\t\t\t\t\t<\/div>\n\t\t\t\t<\/div>\n\t\t\t\t<\/div>\n\t\t<div class=\"elementor-element elementor-element-9d5a253 e-con-full e-flex elementor-invisible e-con e-child\" data-id=\"9d5a253\" data-element_type=\"container\" data-e-type=\"container\" data-settings=\"{&quot;animation&quot;:&quot;fadeInUp&quot;,&quot;animation_delay&quot;:400}\">\n\t\t\t\t<div class=\"elementor-element elementor-element-ee6a6cf elementor-widget elementor-widget-heading\" data-id=\"ee6a6cf\" data-element_type=\"widget\" data-e-type=\"widget\" data-widget_type=\"heading.default\">\n\t\t\t\t<div class=\"elementor-widget-container\">\n\t\t\t\t\t<p class=\"elementor-heading-title elementor-size-default\">Kontakt dla Inwestor\u00f3w<\/p>\t\t\t\t<\/div>\n\t\t\t\t<\/div>\n\t\t<div class=\"elementor-element elementor-element-dec92a6 e-con-full e-flex e-con e-child\" data-id=\"dec92a6\" data-element_type=\"container\" data-e-type=\"container\">\n\t\t<div class=\"elementor-element elementor-element-c1480f8 e-con-full e-flex e-con e-child\" data-id=\"c1480f8\" data-element_type=\"container\" data-e-type=\"container\">\n\t\t\t\t<div class=\"elementor-element elementor-element-36c2895 elementor-view-framed elementor-shape-circle elementor-widget elementor-widget-icon\" data-id=\"36c2895\" data-element_type=\"widget\" data-e-type=\"widget\" data-widget_type=\"icon.default\">\n\t\t\t\t<div class=\"elementor-widget-container\">\n\t\t\t\t\t\t\t<div class=\"elementor-icon-wrapper\">\n\t\t\t<div class=\"elementor-icon\">\n\t\t\t<svg aria-hidden=\"true\" class=\"e-font-icon-svg e-fas-map-marker-alt\" viewBox=\"0 0 384 512\" xmlns=\"http:\/\/www.w3.org\/2000\/svg\"><path d=\"M172.268 501.67C26.97 291.031 0 269.413 0 192 0 85.961 85.961 0 192 0s192 85.961 192 192c0 77.413-26.97 99.031-172.268 309.67-9.535 13.774-29.93 13.773-39.464 0zM192 272c44.183 0 80-35.817 80-80s-35.817-80-80-80-80 35.817-80 80 35.817 80 80 80z\"><\/path><\/svg>\t\t\t<\/div>\n\t\t<\/div>\n\t\t\t\t\t\t<\/div>\n\t\t\t\t<\/div>\n\t\t\t\t<div class=\"elementor-element elementor-element-f29cfae elementor-widget elementor-widget-heading\" data-id=\"f29cfae\" data-element_type=\"widget\" data-e-type=\"widget\" data-widget_type=\"heading.default\">\n\t\t\t\t<div class=\"elementor-widget-container\">\n\t\t\t\t\t<h2 class=\"elementor-heading-title elementor-size-default\"><b>Adres:<\/b> ul. Adama Branickiego 17, 02-972 Warszawa<\/h2>\t\t\t\t<\/div>\n\t\t\t\t<\/div>\n\t\t\t\t<\/div>\n\t\t<div class=\"elementor-element elementor-element-4ca8bd9 e-con-full e-flex e-con e-child\" data-id=\"4ca8bd9\" data-element_type=\"container\" data-e-type=\"container\">\n\t\t\t\t<div class=\"elementor-element elementor-element-2c64f10 elementor-view-framed elementor-shape-circle elementor-widget elementor-widget-icon\" data-id=\"2c64f10\" data-element_type=\"widget\" data-e-type=\"widget\" data-widget_type=\"icon.default\">\n\t\t\t\t<div class=\"elementor-widget-container\">\n\t\t\t\t\t\t\t<div class=\"elementor-icon-wrapper\">\n\t\t\t<div class=\"elementor-icon\">\n\t\t\t<svg aria-hidden=\"true\" class=\"e-font-icon-svg e-fas-phone-alt\" viewBox=\"0 0 512 512\" xmlns=\"http:\/\/www.w3.org\/2000\/svg\"><path d=\"M497.39 361.8l-112-48a24 24 0 0 0-28 6.9l-49.6 60.6A370.66 370.66 0 0 1 130.6 204.11l60.6-49.6a23.94 23.94 0 0 0 6.9-28l-48-112A24.16 24.16 0 0 0 122.6.61l-104 24A24 24 0 0 0 0 48c0 256.5 207.9 464 464 464a24 24 0 0 0 23.4-18.6l24-104a24.29 24.29 0 0 0-14.01-27.6z\"><\/path><\/svg>\t\t\t<\/div>\n\t\t<\/div>\n\t\t\t\t\t\t<\/div>\n\t\t\t\t<\/div>\n\t\t\t\t<div class=\"elementor-element elementor-element-707ac22 elementor-widget elementor-widget-heading\" data-id=\"707ac22\" data-element_type=\"widget\" data-e-type=\"widget\" data-widget_type=\"heading.default\">\n\t\t\t\t<div class=\"elementor-widget-container\">\n\t\t\t\t\t<h2 class=\"elementor-heading-title elementor-size-default\"><b>Tel:<\/b> +48 22 530 59 01-(06)<\/h2>\t\t\t\t<\/div>\n\t\t\t\t<\/div>\n\t\t\t\t<\/div>\n\t\t<div class=\"elementor-element elementor-element-c30b82b e-con-full e-flex e-con e-child\" data-id=\"c30b82b\" data-element_type=\"container\" data-e-type=\"container\">\n\t\t\t\t<div class=\"elementor-element elementor-element-76f33eb elementor-view-framed elementor-shape-circle elementor-widget elementor-widget-icon\" data-id=\"76f33eb\" data-element_type=\"widget\" data-e-type=\"widget\" data-widget_type=\"icon.default\">\n\t\t\t\t<div class=\"elementor-widget-container\">\n\t\t\t\t\t\t\t<div class=\"elementor-icon-wrapper\">\n\t\t\t<div class=\"elementor-icon\">\n\t\t\t<svg aria-hidden=\"true\" class=\"e-font-icon-svg e-fas-fax\" viewBox=\"0 0 512 512\" xmlns=\"http:\/\/www.w3.org\/2000\/svg\"><path d=\"M480 160V77.25a32 32 0 0 0-9.38-22.63L425.37 9.37A32 32 0 0 0 402.75 0H160a32 32 0 0 0-32 32v448a32 32 0 0 0 32 32h320a32 32 0 0 0 32-32V192a32 32 0 0 0-32-32zM288 432a16 16 0 0 1-16 16h-32a16 16 0 0 1-16-16v-32a16 16 0 0 1 16-16h32a16 16 0 0 1 16 16zm0-128a16 16 0 0 1-16 16h-32a16 16 0 0 1-16-16v-32a16 16 0 0 1 16-16h32a16 16 0 0 1 16 16zm128 128a16 16 0 0 1-16 16h-32a16 16 0 0 1-16-16v-32a16 16 0 0 1 16-16h32a16 16 0 0 1 16 16zm0-128a16 16 0 0 1-16 16h-32a16 16 0 0 1-16-16v-32a16 16 0 0 1 16-16h32a16 16 0 0 1 16 16zm0-112H192V64h160v48a16 16 0 0 0 16 16h48zM64 128H32a32 32 0 0 0-32 32v320a32 32 0 0 0 32 32h32a32 32 0 0 0 32-32V160a32 32 0 0 0-32-32z\"><\/path><\/svg>\t\t\t<\/div>\n\t\t<\/div>\n\t\t\t\t\t\t<\/div>\n\t\t\t\t<\/div>\n\t\t\t\t<div class=\"elementor-element elementor-element-36d4950 elementor-widget elementor-widget-heading\" data-id=\"36d4950\" data-element_type=\"widget\" data-e-type=\"widget\" data-widget_type=\"heading.default\">\n\t\t\t\t<div class=\"elementor-widget-container\">\n\t\t\t\t\t<h2 class=\"elementor-heading-title elementor-size-default\"><b>Fax:<\/b> +48 22 530 59 07<\/h2>\t\t\t\t<\/div>\n\t\t\t\t<\/div>\n\t\t\t\t<\/div>\n\t\t<div class=\"elementor-element elementor-element-b3f1c21 e-con-full e-flex e-con e-child\" data-id=\"b3f1c21\" data-element_type=\"container\" data-e-type=\"container\">\n\t\t\t\t<div class=\"elementor-element elementor-element-f047b88 elementor-view-framed elementor-shape-circle elementor-widget elementor-widget-icon\" data-id=\"f047b88\" data-element_type=\"widget\" data-e-type=\"widget\" data-widget_type=\"icon.default\">\n\t\t\t\t<div class=\"elementor-widget-container\">\n\t\t\t\t\t\t\t<div class=\"elementor-icon-wrapper\">\n\t\t\t<div class=\"elementor-icon\">\n\t\t\t<svg aria-hidden=\"true\" class=\"e-font-icon-svg e-far-envelope\" viewBox=\"0 0 512 512\" xmlns=\"http:\/\/www.w3.org\/2000\/svg\"><path d=\"M464 64H48C21.49 64 0 85.49 0 112v288c0 26.51 21.49 48 48 48h416c26.51 0 48-21.49 48-48V112c0-26.51-21.49-48-48-48zm0 48v40.805c-22.422 18.259-58.168 46.651-134.587 106.49-16.841 13.247-50.201 45.072-73.413 44.701-23.208.375-56.579-31.459-73.413-44.701C106.18 199.465 70.425 171.067 48 152.805V112h416zM48 400V214.398c22.914 18.251 55.409 43.862 104.938 82.646 21.857 17.205 60.134 55.186 103.062 54.955 42.717.231 80.509-37.199 103.053-54.947 49.528-38.783 82.032-64.401 104.947-82.653V400H48z\"><\/path><\/svg>\t\t\t<\/div>\n\t\t<\/div>\n\t\t\t\t\t\t<\/div>\n\t\t\t\t<\/div>\n\t\t\t\t<div class=\"elementor-element elementor-element-8777b18 elementor-widget elementor-widget-heading\" data-id=\"8777b18\" data-element_type=\"widget\" data-e-type=\"widget\" data-widget_type=\"heading.default\">\n\t\t\t\t<div class=\"elementor-widget-container\">\n\t\t\t\t\t<h2 class=\"elementor-heading-title elementor-size-default\"><a href=\"mailto:ri@arlen.com.pl\"><b>Email:<\/b> ri@arlen.com.pl<\/a><\/h2>\t\t\t\t<\/div>\n\t\t\t\t<\/div>\n\t\t\t\t<\/div>\n\t\t\t\t<\/div>\n\t\t\t\t<\/div>\n\t\t\t\t\t<\/div>\n\t\t\t\t<\/div>\n\t\t\t\t<\/div>\n\t\t","protected":false},"excerpt":{"rendered":"<p>Formularz kontaktowy Kontakt dla Inwestor\u00f3w Adres: ul. Adama Branickiego 17, 02-972 Warszawa Tel: +48 22 530 59 01-(06) Fax: +48 22 530 59 07 Email: ri@arlen.com.pl<\/p>\n","protected":false},"author":1,"featured_media":0,"parent":0,"menu_order":0,"comment_status":"closed","ping_status":"closed","template":"elementor_header_footer","meta":{"footnotes":""},"class_list":["post-37","page","type-page","status-publish","hentry"],"yoast_head":"<!-- This site is optimized with the Yoast SEO plugin v27.2 - https:\/\/yoast.com\/product\/yoast-seo-wordpress\/ -->\n<title>Kontakt - Arlen - Relacje Inwestorskie<\/title>\n<meta name=\"robots\" content=\"index, follow, max-snippet:-1, max-image-preview:large, max-video-preview:-1\" \/>\n<link rel=\"canonical\" href=\"https:\/\/arlen.com.pl\/relacje-inwestorskie\/kontakt\/\" \/>\n<meta property=\"og:locale\" content=\"pl_PL\" \/>\n<meta property=\"og:type\" content=\"article\" \/>\n<meta property=\"og:title\" content=\"Kontakt - Arlen - Relacje Inwestorskie\" \/>\n<meta property=\"og:description\" content=\"Formularz kontaktowy Kontakt dla Inwestor\u00f3w Adres: ul. Adama Branickiego 17, 02-972 Warszawa Tel: +48 22 530 59 01-(06) Fax: +48 22 530 59 07 Email: ri@arlen.com.pl\" \/>\n<meta property=\"og:url\" content=\"https:\/\/arlen.com.pl\/relacje-inwestorskie\/kontakt\/\" \/>\n<meta property=\"og:site_name\" content=\"Arlen - Relacje Inwestorskie\" \/>\n<meta property=\"article:modified_time\" content=\"2025-11-28T14:06:41+00:00\" \/>\n<meta name=\"twitter:card\" content=\"summary_large_image\" \/>\n<meta name=\"twitter:label1\" content=\"Szacowany czas czytania\" \/>\n\t<meta name=\"twitter:data1\" content=\"1 minuta\" \/>\n<script type=\"application\/ld+json\" class=\"yoast-schema-graph\">{\"@context\":\"https:\/\/schema.org\",\"@graph\":[{\"@type\":\"WebPage\",\"@id\":\"https:\/\/arlen.com.pl\/relacje-inwestorskie\/kontakt\/\",\"url\":\"https:\/\/arlen.com.pl\/relacje-inwestorskie\/kontakt\/\",\"name\":\"Kontakt - Arlen - Relacje Inwestorskie\",\"isPartOf\":{\"@id\":\"https:\/\/arlen.com.pl\/relacje-inwestorskie\/#website\"},\"datePublished\":\"2025-03-05T08:02:19+00:00\",\"dateModified\":\"2025-11-28T14:06:41+00:00\",\"breadcrumb\":{\"@id\":\"https:\/\/arlen.com.pl\/relacje-inwestorskie\/kontakt\/#breadcrumb\"},\"inLanguage\":\"pl-PL\",\"potentialAction\":[{\"@type\":\"ReadAction\",\"target\":[\"https:\/\/arlen.com.pl\/relacje-inwestorskie\/kontakt\/\"]}]},{\"@type\":\"BreadcrumbList\",\"@id\":\"https:\/\/arlen.com.pl\/relacje-inwestorskie\/kontakt\/#breadcrumb\",\"itemListElement\":[{\"@type\":\"ListItem\",\"position\":1,\"name\":\"Strona g\u0142\u00f3wna\",\"item\":\"https:\/\/arlen.com.pl\/relacje-inwestorskie\/\"},{\"@type\":\"ListItem\",\"position\":2,\"name\":\"Kontakt\"}]},{\"@type\":\"WebSite\",\"@id\":\"https:\/\/arlen.com.pl\/relacje-inwestorskie\/#website\",\"url\":\"https:\/\/arlen.com.pl\/relacje-inwestorskie\/\",\"name\":\"Arlen - Relacje Inwestorskie\",\"description\":\"\",\"publisher\":{\"@id\":\"https:\/\/arlen.com.pl\/relacje-inwestorskie\/#organization\"},\"potentialAction\":[{\"@type\":\"SearchAction\",\"target\":{\"@type\":\"EntryPoint\",\"urlTemplate\":\"https:\/\/arlen.com.pl\/relacje-inwestorskie\/?s={search_term_string}\"},\"query-input\":{\"@type\":\"PropertyValueSpecification\",\"valueRequired\":true,\"valueName\":\"search_term_string\"}}],\"inLanguage\":\"pl-PL\"},{\"@type\":\"Organization\",\"@id\":\"https:\/\/arlen.com.pl\/relacje-inwestorskie\/#organization\",\"name\":\"Arlen - Relacje Inwestorskie\",\"url\":\"https:\/\/arlen.com.pl\/relacje-inwestorskie\/\",\"logo\":{\"@type\":\"ImageObject\",\"inLanguage\":\"pl-PL\",\"@id\":\"https:\/\/arlen.com.pl\/relacje-inwestorskie\/#\/schema\/logo\/image\/\",\"url\":\"https:\/\/arlen.com.pl\/relacje-inwestorskie\/wp-content\/uploads\/2025\/03\/cropped-Arlen-TG.jpg\",\"contentUrl\":\"https:\/\/arlen.com.pl\/relacje-inwestorskie\/wp-content\/uploads\/2025\/03\/cropped-Arlen-TG.jpg\",\"width\":325,\"height\":67,\"caption\":\"Arlen - Relacje Inwestorskie\"},\"image\":{\"@id\":\"https:\/\/arlen.com.pl\/relacje-inwestorskie\/#\/schema\/logo\/image\/\"}}]}<\/script>\n<!-- \/ Yoast SEO plugin. -->","yoast_head_json":{"title":"Kontakt - Arlen - Relacje Inwestorskie","robots":{"index":"index","follow":"follow","max-snippet":"max-snippet:-1","max-image-preview":"max-image-preview:large","max-video-preview":"max-video-preview:-1"},"canonical":"https:\/\/arlen.com.pl\/relacje-inwestorskie\/kontakt\/","og_locale":"pl_PL","og_type":"article","og_title":"Kontakt - Arlen - Relacje Inwestorskie","og_description":"Formularz kontaktowy Kontakt dla Inwestor\u00f3w Adres: ul. Adama Branickiego 17, 02-972 Warszawa Tel: +48 22 530 59 01-(06) Fax: +48 22 530 59 07 Email: ri@arlen.com.pl","og_url":"https:\/\/arlen.com.pl\/relacje-inwestorskie\/kontakt\/","og_site_name":"Arlen - Relacje Inwestorskie","article_modified_time":"2025-11-28T14:06:41+00:00","twitter_card":"summary_large_image","twitter_misc":{"Szacowany czas czytania":"1 minuta"},"schema":{"@context":"https:\/\/schema.org","@graph":[{"@type":"WebPage","@id":"https:\/\/arlen.com.pl\/relacje-inwestorskie\/kontakt\/","url":"https:\/\/arlen.com.pl\/relacje-inwestorskie\/kontakt\/","name":"Kontakt - Arlen - Relacje Inwestorskie","isPartOf":{"@id":"https:\/\/arlen.com.pl\/relacje-inwestorskie\/#website"},"datePublished":"2025-03-05T08:02:19+00:00","dateModified":"2025-11-28T14:06:41+00:00","breadcrumb":{"@id":"https:\/\/arlen.com.pl\/relacje-inwestorskie\/kontakt\/#breadcrumb"},"inLanguage":"pl-PL","potentialAction":[{"@type":"ReadAction","target":["https:\/\/arlen.com.pl\/relacje-inwestorskie\/kontakt\/"]}]},{"@type":"BreadcrumbList","@id":"https:\/\/arlen.com.pl\/relacje-inwestorskie\/kontakt\/#breadcrumb","itemListElement":[{"@type":"ListItem","position":1,"name":"Strona g\u0142\u00f3wna","item":"https:\/\/arlen.com.pl\/relacje-inwestorskie\/"},{"@type":"ListItem","position":2,"name":"Kontakt"}]},{"@type":"WebSite","@id":"https:\/\/arlen.com.pl\/relacje-inwestorskie\/#website","url":"https:\/\/arlen.com.pl\/relacje-inwestorskie\/","name":"Arlen - Relacje Inwestorskie","description":"","publisher":{"@id":"https:\/\/arlen.com.pl\/relacje-inwestorskie\/#organization"},"potentialAction":[{"@type":"SearchAction","target":{"@type":"EntryPoint","urlTemplate":"https:\/\/arlen.com.pl\/relacje-inwestorskie\/?s={search_term_string}"},"query-input":{"@type":"PropertyValueSpecification","valueRequired":true,"valueName":"search_term_string"}}],"inLanguage":"pl-PL"},{"@type":"Organization","@id":"https:\/\/arlen.com.pl\/relacje-inwestorskie\/#organization","name":"Arlen - Relacje Inwestorskie","url":"https:\/\/arlen.com.pl\/relacje-inwestorskie\/","logo":{"@type":"ImageObject","inLanguage":"pl-PL","@id":"https:\/\/arlen.com.pl\/relacje-inwestorskie\/#\/schema\/logo\/image\/","url":"https:\/\/arlen.com.pl\/relacje-inwestorskie\/wp-content\/uploads\/2025\/03\/cropped-Arlen-TG.jpg","contentUrl":"https:\/\/arlen.com.pl\/relacje-inwestorskie\/wp-content\/uploads\/2025\/03\/cropped-Arlen-TG.jpg","width":325,"height":67,"caption":"Arlen - Relacje Inwestorskie"},"image":{"@id":"https:\/\/arlen.com.pl\/relacje-inwestorskie\/#\/schema\/logo\/image\/"}}]}},"_links":{"self":[{"href":"https:\/\/arlen.com.pl\/relacje-inwestorskie\/wp-json\/wp\/v2\/pages\/37","targetHints":{"allow":["GET"]}}],"collection":[{"href":"https:\/\/arlen.com.pl\/relacje-inwestorskie\/wp-json\/wp\/v2\/pages"}],"about":[{"href":"https:\/\/arlen.com.pl\/relacje-inwestorskie\/wp-json\/wp\/v2\/types\/page"}],"author":[{"embeddable":true,"href":"https:\/\/arlen.com.pl\/relacje-inwestorskie\/wp-json\/wp\/v2\/users\/1"}],"replies":[{"embeddable":true,"href":"https:\/\/arlen.com.pl\/relacje-inwestorskie\/wp-json\/wp\/v2\/comments?post=37"}],"version-history":[{"count":125,"href":"https:\/\/arlen.com.pl\/relacje-inwestorskie\/wp-json\/wp\/v2\/pages\/37\/revisions"}],"predecessor-version":[{"id":1883,"href":"https:\/\/arlen.com.pl\/relacje-inwestorskie\/wp-json\/wp\/v2\/pages\/37\/revisions\/1883"}],"wp:attachment":[{"href":"https:\/\/arlen.com.pl\/relacje-inwestorskie\/wp-json\/wp\/v2\/media?parent=37"}],"curies":[{"name":"wp","href":"https:\/\/api.w.org\/{rel}","templated":true}]}}